{"id":7730,"date":"2019-09-11T16:58:20","date_gmt":"2019-09-11T14:58:20","guid":{"rendered":"https:\/\/www.atassrl.it\/unternehmen\/"},"modified":"2023-05-10T15:53:36","modified_gmt":"2023-05-10T13:53:36","slug":"unternehmen","status":"publish","type":"page","link":"https:\/\/www.atassrl.it\/de\/unternehmen\/","title":{"rendered":"Unternehmen"},"content":{"rendered":"\n\n<h2>\n\t\tGeschichte\n\t<\/h2>\n\t<p>Atas wurde 1965 von Augusto Tassini gegr\u00fcndet. So beginnt die Herstellung von Shampoo f\u00fcr Autow\u00e4sche, Frostschutzmittel, Gummipolierer, H\u00e4ndewaschen, Mehrzweckreiniger, Deodorants, und dann in den folgenden Jahren auf andere Rezepturen bis heute eine Palette von \u00fcber 300 Produkten erweitert. Wie zu erinnern, dass, zuerst in Italien in Verbindung mit einem venezianischen Unternehmen, formuliert haben, die Waschmittel, die ohne Spionagen oder B\u00fcrsten verwendet werden, die so erfolgreich waren und immer noch sowohl in Italien als auch im Ausland haben. Die Anregungen, Ratschl\u00e4ge und W\u00fcnsche der Kunden waren schon immer Gegenstand des gro\u00dfen Interesses unserer Forschungs-und Entwicklungsabteilung, die es wertvoll gemacht hat, die besten Produkte f\u00fcr die unterschiedlichsten Anwendungen in diesem Bereich zu entwerfen und zu realisieren. Der Automobilindustrie. Eine gro\u00dfe Aufmerksamkeit und eine vollautomatische Produktion, haben in der Lage, eine breite Palette von hochwertigen Rezepturen zu vern\u00fcnftigen und wettbewerbsf\u00e4higen Preisen zu produzieren, f\u00fcr die volle Zufriedenheit der Kunden. Unser Vertriebsnetz besteht aus H\u00e4ndlern und H\u00e4ndlern; Echte Partner mit exklusiven Betriebszonen, um einen kapillaren Service zu garantieren, in engem Kontakt mit der Kundschaft, die mit Besuchen und regelm\u00e4\u00dfigen Lieferungen bedient wird. Atas ist auch auf mehreren ausl\u00e4ndischen M\u00e4rkten t\u00e4tig, mit Mitarbeitern in \u00fcber 40 europ\u00e4ischen L\u00e4ndern, Nordafrika und dem Nahen Osten. Unsere Mission ist die volle Kundenzufriedenheit; Alle internen und externen Mitarbeiter des Unternehmens haben den gleichen Zweck und setzen sich daf\u00fcr ein. Im Jahr 2015 feierte Atas die 50-j\u00e4hrige T\u00e4tigkeit mit einer wichtigen und prestigetr\u00e4chtigen Veranstaltung, an der die Mitarbeiter und Partner teilnahmen, die diesen Weg gemeinsam mit dem Unternehmen gegangen sind.<\/p>\n\t\t\t\t<img loading=\"lazy\" decoding=\"async\" src=\"https:\/\/www.atassrl.it\/wp-content\/uploads\/2019\/09\/FOTO-AEREA-212_MODIFICATA_2019-768x405.jpg\" alt=\"FOTO AEREA 212_MODIFICATA_2019\" itemprop=\"image\" height=\"405\" width=\"768\" height=\"405\" width=\"768\" title=\"FOTO AEREA 212_MODIFICATA_2019\" onerror=\"this.style.display='none'\"  \/>\n<h2>\n\t\tZertifizierungen\n\t<\/h2>\n\t<p>Wir m\u00f6chten, wie atas als Garant f\u00fcr seine Qualit\u00e4t die Zertifizierung UNI EN ISO 9001:2015 erhalten hat. Angesichts des st\u00e4ndigen und t\u00e4glichen Engagements bei der Erforschung umweltfreundlicher Rohstoffe und bei der Anwendung von Produktionsprozessen und Anlagenpflegeprotokollen unter globaler Umweltschutz hat das Unternehmen auch die UNI EN ISO-Zertifizierung erhalten. 14001:2015. <\/p>\n<h2>\n\t\tQualit\u00e4t und Forschung\n\t<\/h2>\n\t<p>Sich niemals zufrieden geben, sondern stets nach dem Besten streben.Die St\u00e4rke unseres Unternehmens liegt darin, sich niemals zufrieden zu geben sondern st\u00e4ndig daran zu arbeiten, uns weiter zu entwickeln, um stets das Beste anbieten zu k\u00f6nnen.Die Antwort auf das Bed\u00fcrfnis, qualitativ hochwertige und f\u00fcr unsere Kunden interessante und gleichzeitig umweltschonende Produkte zu entwickeln liegt in der Forschung.In unserem Labor arbeiten jeden Tag hoch qualifizierte Chemiker und Hochschulabsolventen hart daran, dieses Ziel konsequent zu verfolgen und zu erreichen.Unser ernsthaftes Engagement in dieser Richtung wurde im Laufe der Zeit wiederholt durch die von uns eingef\u00fchrten Ver\u00e4nderungen, um uns sofort an alle Verordnungen anzupassen, sowie die sorgf\u00e4ltige Rohstoffwahl, die niemals auf Spekulationen, sondern ausschlie\u00dflich mit Bezug auf Qualit\u00e4skriterien und geringe Umweltbelastung erfolgt, bewiesen.<\/p>\n\t\t\t\t<img loading=\"lazy\" decoding=\"async\" src=\"https:\/\/www.atassrl.it\/wp-content\/uploads\/2019\/09\/laboratory-2815641_1920-768x512.jpg\" alt=\"laboratory-2815641_1920\" itemprop=\"image\" height=\"512\" width=\"768\" height=\"512\" width=\"768\" title=\"laboratory-2815641_1920\" onerror=\"this.style.display='none'\"  \/>\n<h2>\n\t\tUnsere Produktion\n\t<\/h2>\n\tDie verschiedene Produktlinien und deren Erfolg: ATAS erf\u00fcllt die Anforderungen der UNI EN ISO 14001:2015\u00a0 UNI EN ISO 9001:2015 . Unsere auf mehrere Linien aufgeteilte Produktion ist auf alle Bed\u00fcrfnisse verschiedener Branchen ausgerichtet: Die ATASCAR Linie: Produkte f\u00fcr die Pflege und Wartung des Autos.<br \/>\nDie ATASDET Linie: Professionelle Reinigungsmittel f\u00fcr die Transportbranche<br \/>\nAu\u00dferdem produzieren wir auch:\u00a0Die ATASCHEM Linie: Reinigungsmittel f\u00fcr die Gemeinschaftshygiene<br \/>\nDie ATASMAC Linie: Produkte f\u00fcr die Lebensmittelbranche<br \/>\nDank seiner jahrzehntelangen Erfahrung und der st\u00e4ndigen Weiterentwicklung ist das Unternehmen heute in der Lage, seinen Kunden ein komplettes Sortiment anzubieten, um sich auf dem Markt erfolgreich behaupten zu k\u00f6nnen .\n\t\t\t\t<img loading=\"lazy\" decoding=\"async\" src=\"https:\/\/www.atassrl.it\/wp-content\/uploads\/2019\/09\/businessman-3075839_1920-768x411.jpg\" alt=\"businessman-3075839_1920\" itemprop=\"image\" height=\"411\" width=\"768\" height=\"411\" width=\"768\" title=\"businessman-3075839_1920\" onerror=\"this.style.display='none'\"  \/>\n<h2>\n\t\t\u00d6kologie\n\t<\/h2>\n\t<p>Gerne verteidigen und Verbesserung der Umwelt ISO 14001 ist im Gange, um unser Engagement \u00d6kologie und Umwelt zu formalisieren, die unsere Leitlinie in den Entscheidungen, die in vielen Jahren war. Wie wir uns das Teil \u00fcber unsere Geschichte erinnern, haben wir die Verordnungen sorgf\u00e4ltig verfolgt, durch verschiedene Schadstoffe wie Freon und phenolischen Tenside entfernen. Wir schlagen eine Linie namens &#8222;ECOTASS&#8220;, das meist nur das Symbol &#8222;reizend&#8220; und formuliert mit hoch biologisch abbaubar und Tensiden pflanzlichen Ursprungs, die geringeren Umweltauswirkungen zu garantieren. Abwasser behandeln mit biologischen und chemisch-physikalische Wasserfiltersystem wir intern. <\/p>\n\t\t\t\t<img loading=\"lazy\" decoding=\"async\" src=\"https:\/\/www.atassrl.it\/wp-content\/uploads\/2019\/09\/environment-2196690-768x432.jpg\" alt=\"environment-2196690\" itemprop=\"image\" height=\"432\" width=\"768\" height=\"432\" width=\"768\" title=\"environment-2196690\" onerror=\"this.style.display='none'\"  \/>\n\n","protected":false},"excerpt":{"rendered":"<p>Geschichte Atas wurde 1965 von Augusto Tassini gegr\u00fcndet. So beginnt die Herstellung von Shampoo f\u00fcr Autow\u00e4sche, Frostschutzmittel, Gummipolierer, H\u00e4ndewaschen, Mehrzweckreiniger, Deodorants, und dann in den folgenden Jahren auf andere Rezepturen bis heute eine Palette von \u00fcber 300 Produkten erweitert. Wie zu erinnern, dass, zuerst in Italien in Verbindung mit einem venezianischen Unternehmen, formuliert haben, die&hellip;<\/p>\n","protected":false},"author":1,"featured_media":0,"parent":0,"menu_order":0,"comment_status":"closed","ping_status":"open","template":"","meta":{"_acf_changed":false,"_seopress_robots_primary_cat":"","_seopress_titles_title":"","_seopress_titles_desc":"","_seopress_robots_index":"","_seopress_analysis_target_kw":"","footnotes":""},"class_list":["post-7730","page","type-page","status-publish","hentry"],"acf":[],"_links":{"self":[{"href":"https:\/\/www.atassrl.it\/de\/wp-json\/wp\/v2\/pages\/7730","targetHints":{"allow":["GET"]}}],"collection":[{"href":"https:\/\/www.atassrl.it\/de\/wp-json\/wp\/v2\/pages"}],"about":[{"href":"https:\/\/www.atassrl.it\/de\/wp-json\/wp\/v2\/types\/page"}],"author":[{"embeddable":true,"href":"https:\/\/www.atassrl.it\/de\/wp-json\/wp\/v2\/users\/1"}],"replies":[{"embeddable":true,"href":"https:\/\/www.atassrl.it\/de\/wp-json\/wp\/v2\/comments?post=7730"}],"version-history":[{"count":2,"href":"https:\/\/www.atassrl.it\/de\/wp-json\/wp\/v2\/pages\/7730\/revisions"}],"predecessor-version":[{"id":9663,"href":"https:\/\/www.atassrl.it\/de\/wp-json\/wp\/v2\/pages\/7730\/revisions\/9663"}],"wp:attachment":[{"href":"https:\/\/www.atassrl.it\/de\/wp-json\/wp\/v2\/media?parent=7730"}],"curies":[{"name":"wp","href":"https:\/\/api.w.org\/{rel}","templated":true}]}}