{"id":2447,"date":"2019-07-03T15:53:38","date_gmt":"2019-07-03T13:53:38","guid":{"rendered":"http:\/\/atas.devsrvr.net\/prodotto\/plak\/"},"modified":"2022-06-30T11:11:02","modified_gmt":"2022-06-30T09:11:02","slug":"plak","status":"publish","type":"product","link":"https:\/\/www.atassrl.it\/de\/produkt\/plak\/","title":{"rendered":"PLAK"},"content":{"rendered":"<p>Seit Jahren auf dem europ\u00e4ischen Markt pr\u00e4sent, steht es f\u00fcr gleichbleibend hohe Qualit\u00e4t. Es reinigt, poliert und sch\u00fctzt Armaturenbretter und Fahrzeuginnenr\u00e4ume aus Kunststoff und Holz. Antistatisch und staubdicht, entfernt die Alterung der behandelten Oberfl\u00e4chen und gew\u00e4hrleistet eine lang anhaltende Wirkung.<br \/>\nEs eignet sich auch zum Polieren von M\u00f6beln und Oberfl\u00e4chen aus Gummi und Marmor und ist in verschiedenen raffinierten D\u00fcften erh\u00e4ltlich.<\/p>\n","protected":false},"excerpt":{"rendered":"<p>SILIKONISCHE POLITUR F\u00dcR ARMATURENBRETTS<\/p>\n","protected":false},"featured_media":2515,"template":"","meta":{"_acf_changed":false,"_seopress_robots_primary_cat":"","_seopress_titles_title":"","_seopress_titles_desc":"","_seopress_robots_index":"","_seopress_analysis_target_kw":""},"product_brand":[],"product_cat":[185],"product_tag":[],"class_list":{"0":"post-2447","1":"product","2":"type-product","3":"status-publish","4":"has-post-thumbnail","6":"product_cat-linea-atascar-de","8":"first","9":"instock","10":"shipping-taxable","11":"product-type-variable"},"acf":[],"_links":{"self":[{"href":"https:\/\/www.atassrl.it\/de\/wp-json\/wp\/v2\/product\/2447","targetHints":{"allow":["GET"]}}],"collection":[{"href":"https:\/\/www.atassrl.it\/de\/wp-json\/wp\/v2\/product"}],"about":[{"href":"https:\/\/www.atassrl.it\/de\/wp-json\/wp\/v2\/types\/product"}],"wp:featuredmedia":[{"embeddable":true,"href":"https:\/\/www.atassrl.it\/de\/wp-json\/wp\/v2\/media\/2515"}],"wp:attachment":[{"href":"https:\/\/www.atassrl.it\/de\/wp-json\/wp\/v2\/media?parent=2447"}],"wp:term":[{"taxonomy":"product_brand","embeddable":true,"href":"https:\/\/www.atassrl.it\/de\/wp-json\/wp\/v2\/product_brand?post=2447"},{"taxonomy":"product_cat","embeddable":true,"href":"https:\/\/www.atassrl.it\/de\/wp-json\/wp\/v2\/product_cat?post=2447"},{"taxonomy":"product_tag","embeddable":true,"href":"https:\/\/www.atassrl.it\/de\/wp-json\/wp\/v2\/product_tag?post=2447"}],"curies":[{"name":"wp","href":"https:\/\/api.w.org\/{rel}","templated":true}]}}