{"id":2654,"date":"2019-07-03T16:01:35","date_gmt":"2019-07-03T14:01:35","guid":{"rendered":"http:\/\/atas.devsrvr.net\/prodotto\/plak-mat\/"},"modified":"2022-06-30T11:13:23","modified_gmt":"2022-06-30T09:13:23","slug":"plak-mat","status":"publish","type":"product","link":"https:\/\/www.atassrl.it\/de\/produkt\/plak-mat\/","title":{"rendered":"PLAK MAT"},"content":{"rendered":"<p>Auf Basis wertvoller Substanzen reinigt, pflegt und belebt es Kunststoffe und Autoinnenr\u00e4ume ohne zu polieren (Matteffekt). Dank seiner antistatischen Wirkung weist es Staub ab und sch\u00fctzt Oberfl\u00e4chen vor Sonneneinstrahlung und Alterung. Erh\u00e4ltlich in verschiedenen D\u00fcften.<\/p>\n","protected":false},"excerpt":{"rendered":"<p>AUTOINNENREINIGER UND SCHUTZ \u2013 MATT-EFFEKT<\/p>\n","protected":false},"featured_media":2512,"template":"","meta":{"_acf_changed":false,"_seopress_robots_primary_cat":"","_seopress_titles_title":"","_seopress_titles_desc":"","_seopress_robots_index":"","_seopress_analysis_target_kw":""},"product_brand":[],"product_cat":[185],"product_tag":[],"class_list":{"0":"post-2654","1":"product","2":"type-product","3":"status-publish","4":"has-post-thumbnail","6":"product_cat-linea-atascar-de","8":"first","9":"instock","10":"shipping-taxable","11":"product-type-variable"},"acf":[],"_links":{"self":[{"href":"https:\/\/www.atassrl.it\/de\/wp-json\/wp\/v2\/product\/2654","targetHints":{"allow":["GET"]}}],"collection":[{"href":"https:\/\/www.atassrl.it\/de\/wp-json\/wp\/v2\/product"}],"about":[{"href":"https:\/\/www.atassrl.it\/de\/wp-json\/wp\/v2\/types\/product"}],"wp:featuredmedia":[{"embeddable":true,"href":"https:\/\/www.atassrl.it\/de\/wp-json\/wp\/v2\/media\/2512"}],"wp:attachment":[{"href":"https:\/\/www.atassrl.it\/de\/wp-json\/wp\/v2\/media?parent=2654"}],"wp:term":[{"taxonomy":"product_brand","embeddable":true,"href":"https:\/\/www.atassrl.it\/de\/wp-json\/wp\/v2\/product_brand?post=2654"},{"taxonomy":"product_cat","embeddable":true,"href":"https:\/\/www.atassrl.it\/de\/wp-json\/wp\/v2\/product_cat?post=2654"},{"taxonomy":"product_tag","embeddable":true,"href":"https:\/\/www.atassrl.it\/de\/wp-json\/wp\/v2\/product_tag?post=2654"}],"curies":[{"name":"wp","href":"https:\/\/api.w.org\/{rel}","templated":true}]}}