{"id":2663,"date":"2019-07-03T16:07:01","date_gmt":"2019-07-03T14:07:01","guid":{"rendered":"http:\/\/atas.devsrvr.net\/prodotto\/plak-car\/"},"modified":"2022-06-30T11:12:06","modified_gmt":"2022-06-30T09:12:06","slug":"plak-car","status":"publish","type":"product","link":"https:\/\/www.atassrl.it\/de\/produkt\/plak-car\/","title":{"rendered":"PLAK CAR"},"content":{"rendered":"<p>Professionelles Produkt in bew\u00e4hrter Qualit\u00e4t. V\u00f6llig frei von Silikonen, st\u00f6rt es nicht die Lackierarbeiten. Empfohlen f\u00fcr Karosseriewerkst\u00e4tten. Es garantiert eine hohe Ergiebigkeit und hervorragende Brillanz.<br \/>\nEs weist Staub und Wasser ab und wirkt langanhaltend. Nicht fettend.<\/p>\n","protected":false},"excerpt":{"rendered":"<p>SILIKONFREIE POLITUR F\u00dcR ARMATURENBRETTS<\/p>\n","protected":false},"featured_media":2511,"template":"","meta":{"_acf_changed":false,"_seopress_robots_primary_cat":"","_seopress_titles_title":"","_seopress_titles_desc":"","_seopress_robots_index":"","_seopress_analysis_target_kw":""},"product_brand":[],"product_cat":[185],"product_tag":[],"class_list":{"0":"post-2663","1":"product","2":"type-product","3":"status-publish","4":"has-post-thumbnail","6":"product_cat-linea-atascar-de","8":"first","9":"instock","10":"shipping-taxable","11":"product-type-variable"},"acf":[],"_links":{"self":[{"href":"https:\/\/www.atassrl.it\/de\/wp-json\/wp\/v2\/product\/2663","targetHints":{"allow":["GET"]}}],"collection":[{"href":"https:\/\/www.atassrl.it\/de\/wp-json\/wp\/v2\/product"}],"about":[{"href":"https:\/\/www.atassrl.it\/de\/wp-json\/wp\/v2\/types\/product"}],"wp:featuredmedia":[{"embeddable":true,"href":"https:\/\/www.atassrl.it\/de\/wp-json\/wp\/v2\/media\/2511"}],"wp:attachment":[{"href":"https:\/\/www.atassrl.it\/de\/wp-json\/wp\/v2\/media?parent=2663"}],"wp:term":[{"taxonomy":"product_brand","embeddable":true,"href":"https:\/\/www.atassrl.it\/de\/wp-json\/wp\/v2\/product_brand?post=2663"},{"taxonomy":"product_cat","embeddable":true,"href":"https:\/\/www.atassrl.it\/de\/wp-json\/wp\/v2\/product_cat?post=2663"},{"taxonomy":"product_tag","embeddable":true,"href":"https:\/\/www.atassrl.it\/de\/wp-json\/wp\/v2\/product_tag?post=2663"}],"curies":[{"name":"wp","href":"https:\/\/api.w.org\/{rel}","templated":true}]}}