{"id":2672,"date":"2019-07-03T16:11:48","date_gmt":"2019-07-03T14:11:48","guid":{"rendered":"http:\/\/atas.devsrvr.net\/prodotto\/fasco\/"},"modified":"2022-06-24T10:08:16","modified_gmt":"2022-06-24T08:08:16","slug":"fasco","status":"publish","type":"product","link":"https:\/\/www.atassrl.it\/de\/produkt\/fasco\/","title":{"rendered":"FASCO"},"content":{"rendered":"<p>Hochwertiges Produkt, das Sto\u00dfstangen, Spoilern und Gummiteilen wieder zu ihrem urspr\u00fcnglichen Glanz verhilft. Es hinterl\u00e4sst einen leichten wasserabweisenden Schutzfilm. Es trocknet schnell, fettet nicht und widersteht diversen W\u00e4schen.<\/p>\n","protected":false},"excerpt":{"rendered":"<p>POLITUR F\u00dcR STO\u00dfSTANGE UND SPOILER<\/p>\n","protected":false},"featured_media":8052,"template":"","meta":{"_acf_changed":false,"_seopress_robots_primary_cat":"","_seopress_titles_title":"","_seopress_titles_desc":"","_seopress_robots_index":"","_seopress_analysis_target_kw":""},"product_brand":[],"product_cat":[825,185],"product_tag":[741],"class_list":{"0":"post-2672","1":"product","2":"type-product","3":"status-publish","4":"has-post-thumbnail","6":"product_cat-externe-polituren","7":"product_cat-linea-atascar-de","8":"product_tag-ausenpflege","10":"first","11":"instock","12":"shipping-taxable","13":"product-type-variable"},"acf":[],"_links":{"self":[{"href":"https:\/\/www.atassrl.it\/de\/wp-json\/wp\/v2\/product\/2672","targetHints":{"allow":["GET"]}}],"collection":[{"href":"https:\/\/www.atassrl.it\/de\/wp-json\/wp\/v2\/product"}],"about":[{"href":"https:\/\/www.atassrl.it\/de\/wp-json\/wp\/v2\/types\/product"}],"wp:featuredmedia":[{"embeddable":true,"href":"https:\/\/www.atassrl.it\/de\/wp-json\/wp\/v2\/media\/8052"}],"wp:attachment":[{"href":"https:\/\/www.atassrl.it\/de\/wp-json\/wp\/v2\/media?parent=2672"}],"wp:term":[{"taxonomy":"product_brand","embeddable":true,"href":"https:\/\/www.atassrl.it\/de\/wp-json\/wp\/v2\/product_brand?post=2672"},{"taxonomy":"product_cat","embeddable":true,"href":"https:\/\/www.atassrl.it\/de\/wp-json\/wp\/v2\/product_cat?post=2672"},{"taxonomy":"product_tag","embeddable":true,"href":"https:\/\/www.atassrl.it\/de\/wp-json\/wp\/v2\/product_tag?post=2672"}],"curies":[{"name":"wp","href":"https:\/\/api.w.org\/{rel}","templated":true}]}}