{"id":2679,"date":"2019-07-03T16:15:39","date_gmt":"2019-07-03T14:15:39","guid":{"rendered":"http:\/\/atas.devsrvr.net\/prodotto\/delm\/"},"modified":"2022-06-30T11:36:17","modified_gmt":"2022-06-30T09:36:17","slug":"delm","status":"publish","type":"product","link":"https:\/\/www.atassrl.it\/de\/produkt\/delm\/","title":{"rendered":"DELM"},"content":{"rendered":"<p>Aktiver Polierschaum geeignet f\u00fcr die Pflege und Wartung von Armaturenbrettern und Fahrzeuginnenr\u00e4umen.<br \/>\nAuf Wasserbasis enth\u00e4lt es keine L\u00f6sungsmittel, Silikone, Duftstoffe und Farbstoffe und ist sicher auf jeder Oberfl\u00e4che.<br \/>\nEs belebt Farben und hinterl\u00e4sst Oberfl\u00e4chen sauber und gl\u00e4nzend.<br \/>\nEs fettet nicht und tropft nicht.<\/p>\n","protected":false},"excerpt":{"rendered":"<p>AKTIVER POLIERSCHAUM AUF WASSERBASIS F\u00dcR ARMATURENBRETTS<\/p>\n","protected":false},"featured_media":8262,"template":"","meta":{"_acf_changed":false,"_seopress_robots_primary_cat":"","_seopress_titles_title":"","_seopress_titles_desc":"","_seopress_robots_index":"","_seopress_analysis_target_kw":""},"product_brand":[],"product_cat":[185],"product_tag":[],"class_list":{"0":"post-2679","1":"product","2":"type-product","3":"status-publish","4":"has-post-thumbnail","6":"product_cat-linea-atascar-de","8":"first","9":"instock","10":"shipping-taxable","11":"product-type-simple"},"acf":[],"_links":{"self":[{"href":"https:\/\/www.atassrl.it\/de\/wp-json\/wp\/v2\/product\/2679","targetHints":{"allow":["GET"]}}],"collection":[{"href":"https:\/\/www.atassrl.it\/de\/wp-json\/wp\/v2\/product"}],"about":[{"href":"https:\/\/www.atassrl.it\/de\/wp-json\/wp\/v2\/types\/product"}],"wp:featuredmedia":[{"embeddable":true,"href":"https:\/\/www.atassrl.it\/de\/wp-json\/wp\/v2\/media\/8262"}],"wp:attachment":[{"href":"https:\/\/www.atassrl.it\/de\/wp-json\/wp\/v2\/media?parent=2679"}],"wp:term":[{"taxonomy":"product_brand","embeddable":true,"href":"https:\/\/www.atassrl.it\/de\/wp-json\/wp\/v2\/product_brand?post=2679"},{"taxonomy":"product_cat","embeddable":true,"href":"https:\/\/www.atassrl.it\/de\/wp-json\/wp\/v2\/product_cat?post=2679"},{"taxonomy":"product_tag","embeddable":true,"href":"https:\/\/www.atassrl.it\/de\/wp-json\/wp\/v2\/product_tag?post=2679"}],"curies":[{"name":"wp","href":"https:\/\/api.w.org\/{rel}","templated":true}]}}