{"id":2682,"date":"2019-07-03T16:20:54","date_gmt":"2019-07-03T14:20:54","guid":{"rendered":"http:\/\/atas.devsrvr.net\/prodotto\/delmat\/"},"modified":"2022-06-30T11:38:13","modified_gmt":"2022-06-30T09:38:13","slug":"delmat","status":"publish","type":"product","link":"https:\/\/www.atassrl.it\/de\/produkt\/delmat\/","title":{"rendered":"DELMAT"},"content":{"rendered":"<p>Parf\u00fcmiertes Produkt zur Pflege und Reinigung von Armaturenbrettern und Fahrzeuginnenr\u00e4umen. Seine sch\u00e4umende und l\u00f6sungsmittelfreie Formulierung entfernt perfekt Schmutz, respektiert die Oberfl\u00e4chen und belebt Farben, ohne zu polieren (Matteffekt).<br \/>\nEs enth\u00e4lt keine Silikone, fettet nicht, tropft nicht und konserviert die behandelten Oberfl\u00e4chen.<\/p>\n","protected":false},"excerpt":{"rendered":"<p>WASSERBASIERTER AKTIVSCHAUM F\u00dcR ARMATURENBRETTS &#8211; MATTENEFFEKT<\/p>\n","protected":false},"featured_media":8257,"template":"","meta":{"_acf_changed":false,"_seopress_robots_primary_cat":"","_seopress_titles_title":"","_seopress_titles_desc":"","_seopress_robots_index":"","_seopress_analysis_target_kw":""},"product_brand":[],"product_cat":[185],"product_tag":[],"class_list":{"0":"post-2682","1":"product","2":"type-product","3":"status-publish","4":"has-post-thumbnail","6":"product_cat-linea-atascar-de","8":"first","9":"instock","10":"shipping-taxable","11":"product-type-simple"},"acf":[],"_links":{"self":[{"href":"https:\/\/www.atassrl.it\/de\/wp-json\/wp\/v2\/product\/2682","targetHints":{"allow":["GET"]}}],"collection":[{"href":"https:\/\/www.atassrl.it\/de\/wp-json\/wp\/v2\/product"}],"about":[{"href":"https:\/\/www.atassrl.it\/de\/wp-json\/wp\/v2\/types\/product"}],"wp:featuredmedia":[{"embeddable":true,"href":"https:\/\/www.atassrl.it\/de\/wp-json\/wp\/v2\/media\/8257"}],"wp:attachment":[{"href":"https:\/\/www.atassrl.it\/de\/wp-json\/wp\/v2\/media?parent=2682"}],"wp:term":[{"taxonomy":"product_brand","embeddable":true,"href":"https:\/\/www.atassrl.it\/de\/wp-json\/wp\/v2\/product_brand?post=2682"},{"taxonomy":"product_cat","embeddable":true,"href":"https:\/\/www.atassrl.it\/de\/wp-json\/wp\/v2\/product_cat?post=2682"},{"taxonomy":"product_tag","embeddable":true,"href":"https:\/\/www.atassrl.it\/de\/wp-json\/wp\/v2\/product_tag?post=2682"}],"curies":[{"name":"wp","href":"https:\/\/api.w.org\/{rel}","templated":true}]}}