{"id":2685,"date":"2019-07-03T16:26:48","date_gmt":"2019-07-03T14:26:48","guid":{"rendered":"http:\/\/atas.devsrvr.net\/prodotto\/hydrorep\/"},"modified":"2022-06-24T11:22:52","modified_gmt":"2022-06-24T09:22:52","slug":"hydrorep","status":"publish","type":"product","link":"https:\/\/www.atassrl.it\/de\/produkt\/hydrorep\/","title":{"rendered":"HYDROREP"},"content":{"rendered":"<p>Schnell und effektiv sorgt es f\u00fcr hervorragende Ergebnisse auf jeder Art von Farbe. Mit einer dreifachen Wirkung beschleunigt es die Trocknung des Autos und poliert den Lack, w\u00e4hrend er vor Witterungseinfl\u00fcssen gesch\u00fctzt wird. Bei Anwendung auf trockenem Lack verbessert es das Ergebnis.<\/p>\n","protected":false},"excerpt":{"rendered":"<p>TROCKNUNGS- UND POLIERMITTEL<\/p>\n","protected":false},"featured_media":8057,"template":"","meta":{"_acf_changed":false,"_seopress_robots_primary_cat":"","_seopress_titles_title":"","_seopress_titles_desc":"","_seopress_robots_index":"","_seopress_analysis_target_kw":""},"product_brand":[],"product_cat":[185],"product_tag":[739],"class_list":{"0":"post-2685","1":"product","2":"type-product","3":"status-publish","4":"has-post-thumbnail","6":"product_cat-linea-atascar-de","7":"product_tag-wachse-und-schutz","9":"first","10":"instock","11":"shipping-taxable","12":"product-type-simple"},"acf":[],"_links":{"self":[{"href":"https:\/\/www.atassrl.it\/de\/wp-json\/wp\/v2\/product\/2685","targetHints":{"allow":["GET"]}}],"collection":[{"href":"https:\/\/www.atassrl.it\/de\/wp-json\/wp\/v2\/product"}],"about":[{"href":"https:\/\/www.atassrl.it\/de\/wp-json\/wp\/v2\/types\/product"}],"wp:featuredmedia":[{"embeddable":true,"href":"https:\/\/www.atassrl.it\/de\/wp-json\/wp\/v2\/media\/8057"}],"wp:attachment":[{"href":"https:\/\/www.atassrl.it\/de\/wp-json\/wp\/v2\/media?parent=2685"}],"wp:term":[{"taxonomy":"product_brand","embeddable":true,"href":"https:\/\/www.atassrl.it\/de\/wp-json\/wp\/v2\/product_brand?post=2685"},{"taxonomy":"product_cat","embeddable":true,"href":"https:\/\/www.atassrl.it\/de\/wp-json\/wp\/v2\/product_cat?post=2685"},{"taxonomy":"product_tag","embeddable":true,"href":"https:\/\/www.atassrl.it\/de\/wp-json\/wp\/v2\/product_tag?post=2685"}],"curies":[{"name":"wp","href":"https:\/\/api.w.org\/{rel}","templated":true}]}}