{"id":2688,"date":"2019-07-03T16:34:34","date_gmt":"2019-07-03T14:34:34","guid":{"rendered":"http:\/\/atas.devsrvr.net\/prodotto\/stil\/"},"modified":"2022-06-30T11:34:55","modified_gmt":"2022-06-30T09:34:55","slug":"stil","status":"publish","type":"product","link":"https:\/\/www.atassrl.it\/de\/produkt\/stil\/","title":{"rendered":"STIL"},"content":{"rendered":"<p>Es poliert, reinigt und belebt alle Kunststoffoberfl\u00e4chen des Autos. Es weist Staub und Feuchtigkeit ab und eignet sich auch zum Polieren von Holz- und Gummioberfl\u00e4chen. Erh\u00e4ltlich in verschiedenen D\u00fcften.<\/p>\n","protected":false},"excerpt":{"rendered":"<p>POLITUR F\u00dcR AUTOINNENR\u00c4UME<\/p>\n","protected":false},"featured_media":8252,"template":"","meta":{"_acf_changed":false,"_seopress_robots_primary_cat":"","_seopress_titles_title":"","_seopress_titles_desc":"","_seopress_robots_index":"","_seopress_analysis_target_kw":""},"product_brand":[],"product_cat":[185],"product_tag":[],"class_list":{"0":"post-2688","1":"product","2":"type-product","3":"status-publish","4":"has-post-thumbnail","6":"product_cat-linea-atascar-de","8":"first","9":"instock","10":"shipping-taxable","11":"product-type-simple"},"acf":[],"_links":{"self":[{"href":"https:\/\/www.atassrl.it\/de\/wp-json\/wp\/v2\/product\/2688","targetHints":{"allow":["GET"]}}],"collection":[{"href":"https:\/\/www.atassrl.it\/de\/wp-json\/wp\/v2\/product"}],"about":[{"href":"https:\/\/www.atassrl.it\/de\/wp-json\/wp\/v2\/types\/product"}],"wp:featuredmedia":[{"embeddable":true,"href":"https:\/\/www.atassrl.it\/de\/wp-json\/wp\/v2\/media\/8252"}],"wp:attachment":[{"href":"https:\/\/www.atassrl.it\/de\/wp-json\/wp\/v2\/media?parent=2688"}],"wp:term":[{"taxonomy":"product_brand","embeddable":true,"href":"https:\/\/www.atassrl.it\/de\/wp-json\/wp\/v2\/product_brand?post=2688"},{"taxonomy":"product_cat","embeddable":true,"href":"https:\/\/www.atassrl.it\/de\/wp-json\/wp\/v2\/product_cat?post=2688"},{"taxonomy":"product_tag","embeddable":true,"href":"https:\/\/www.atassrl.it\/de\/wp-json\/wp\/v2\/product_tag?post=2688"}],"curies":[{"name":"wp","href":"https:\/\/api.w.org\/{rel}","templated":true}]}}