{"id":2691,"date":"2019-07-03T16:37:02","date_gmt":"2019-07-03T14:37:02","guid":{"rendered":"http:\/\/atas.devsrvr.net\/prodotto\/plak-2r\/"},"modified":"2022-06-30T11:31:54","modified_gmt":"2022-06-30T09:31:54","slug":"plak-2r","status":"publish","type":"product","link":"https:\/\/www.atassrl.it\/de\/produkt\/plak-2r\/","title":{"rendered":"PLAK 2r"},"content":{"rendered":"<p>Dank der enthaltenen nat\u00fcrlichen Wachse reinigt, belebt und pflegt es die behandelten Oberfl\u00e4chen aus Kunststoff, Holz, Gummi und Marmor. Mit antistatischer Wirkung verlangsamt es die Staubbildung. Einfach in der Anwendung und nicht fettend l\u00e4sst es sich leicht mit einem weichen Tuch verteilen. Ideal f\u00fcr die Pflege und Sch\u00f6nheit von Autos, Motorr\u00e4dern, H\u00e4usern, Wohnmobilen usw.<\/p>\n","protected":false},"excerpt":{"rendered":"<p>FL\u00dcSSIGE POLITUR F\u00dcR KUNSTSTOFFTEILE<\/p>\n","protected":false},"featured_media":8242,"template":"","meta":{"_acf_changed":false,"_seopress_robots_primary_cat":"","_seopress_titles_title":"","_seopress_titles_desc":"","_seopress_robots_index":"","_seopress_analysis_target_kw":""},"product_brand":[],"product_cat":[185],"product_tag":[],"class_list":{"0":"post-2691","1":"product","2":"type-product","3":"status-publish","4":"has-post-thumbnail","6":"product_cat-linea-atascar-de","8":"first","9":"instock","10":"shipping-taxable","11":"product-type-simple"},"acf":[],"_links":{"self":[{"href":"https:\/\/www.atassrl.it\/de\/wp-json\/wp\/v2\/product\/2691","targetHints":{"allow":["GET"]}}],"collection":[{"href":"https:\/\/www.atassrl.it\/de\/wp-json\/wp\/v2\/product"}],"about":[{"href":"https:\/\/www.atassrl.it\/de\/wp-json\/wp\/v2\/types\/product"}],"wp:featuredmedia":[{"embeddable":true,"href":"https:\/\/www.atassrl.it\/de\/wp-json\/wp\/v2\/media\/8242"}],"wp:attachment":[{"href":"https:\/\/www.atassrl.it\/de\/wp-json\/wp\/v2\/media?parent=2691"}],"wp:term":[{"taxonomy":"product_brand","embeddable":true,"href":"https:\/\/www.atassrl.it\/de\/wp-json\/wp\/v2\/product_brand?post=2691"},{"taxonomy":"product_cat","embeddable":true,"href":"https:\/\/www.atassrl.it\/de\/wp-json\/wp\/v2\/product_cat?post=2691"},{"taxonomy":"product_tag","embeddable":true,"href":"https:\/\/www.atassrl.it\/de\/wp-json\/wp\/v2\/product_tag?post=2691"}],"curies":[{"name":"wp","href":"https:\/\/api.w.org\/{rel}","templated":true}]}}