{"id":2705,"date":"2019-07-03T16:47:56","date_gmt":"2019-07-03T14:47:56","guid":{"rendered":"http:\/\/atas.devsrvr.net\/prodotto\/pneubell\/"},"modified":"2022-06-24T11:45:46","modified_gmt":"2022-06-24T09:45:46","slug":"pneubell","status":"publish","type":"product","link":"https:\/\/www.atassrl.it\/de\/produkt\/pneubell\/","title":{"rendered":"PNEUBELL"},"content":{"rendered":"<p>Reifenpolitur mit zweifacher Wirkung: Es reinigt und gibt den Reifen ihren urspr\u00fcnglichen Glanz zur\u00fcck und sch\u00fctzt sie vor Alterung und Rissbildung. Nicht fettend und nicht klebrig. Nur gleichm\u00e4\u00dfig auf dem Reifen verteilen.<\/p>\n","protected":false},"excerpt":{"rendered":"<p>REIFENPOLITUR<\/p>\n","protected":false},"featured_media":8135,"template":"","meta":{"_acf_changed":false,"_seopress_robots_primary_cat":"","_seopress_titles_title":"","_seopress_titles_desc":"","_seopress_robots_index":"","_seopress_analysis_target_kw":""},"product_brand":[],"product_cat":[185,729],"product_tag":[],"class_list":{"0":"post-2705","1":"product","2":"type-product","3":"status-publish","4":"has-post-thumbnail","6":"product_cat-linea-atascar-de","7":"product_cat-reifen-und-rader","9":"first","10":"instock","11":"shipping-taxable","12":"product-type-variable"},"acf":[],"_links":{"self":[{"href":"https:\/\/www.atassrl.it\/de\/wp-json\/wp\/v2\/product\/2705","targetHints":{"allow":["GET"]}}],"collection":[{"href":"https:\/\/www.atassrl.it\/de\/wp-json\/wp\/v2\/product"}],"about":[{"href":"https:\/\/www.atassrl.it\/de\/wp-json\/wp\/v2\/types\/product"}],"wp:featuredmedia":[{"embeddable":true,"href":"https:\/\/www.atassrl.it\/de\/wp-json\/wp\/v2\/media\/8135"}],"wp:attachment":[{"href":"https:\/\/www.atassrl.it\/de\/wp-json\/wp\/v2\/media?parent=2705"}],"wp:term":[{"taxonomy":"product_brand","embeddable":true,"href":"https:\/\/www.atassrl.it\/de\/wp-json\/wp\/v2\/product_brand?post=2705"},{"taxonomy":"product_cat","embeddable":true,"href":"https:\/\/www.atassrl.it\/de\/wp-json\/wp\/v2\/product_cat?post=2705"},{"taxonomy":"product_tag","embeddable":true,"href":"https:\/\/www.atassrl.it\/de\/wp-json\/wp\/v2\/product_tag?post=2705"}],"curies":[{"name":"wp","href":"https:\/\/api.w.org\/{rel}","templated":true}]}}