{"id":2714,"date":"2019-07-03T16:55:12","date_gmt":"2019-07-03T14:55:12","guid":{"rendered":"http:\/\/atas.devsrvr.net\/prodotto\/pneubell-2\/"},"modified":"2022-06-24T11:44:42","modified_gmt":"2022-06-24T09:44:42","slug":"pneubell-2","status":"publish","type":"product","link":"https:\/\/www.atassrl.it\/de\/produkt\/pneubell-2\/","title":{"rendered":"PNEUBELL"},"content":{"rendered":"<p>Basierend aufpolierenden und weichmachenden Substanzen ist es eine echte Sch\u00f6nheitsbehandlung f\u00fcr Reifen. Seine hohe Schutzwirkung verhindert Rissbildung, es ist nicht fettend und nicht klebrig. Seine Wirkung h\u00e4lt einige Tage an.<\/p>\n","protected":false},"excerpt":{"rendered":"<p>ERNEUERUNGSMITTEL F\u00dcR REIFEN<\/p>\n","protected":false},"featured_media":8130,"template":"","meta":{"_acf_changed":false,"_seopress_robots_primary_cat":"","_seopress_titles_title":"","_seopress_titles_desc":"","_seopress_robots_index":"","_seopress_analysis_target_kw":""},"product_brand":[],"product_cat":[185,729],"product_tag":[],"class_list":{"0":"post-2714","1":"product","2":"type-product","3":"status-publish","4":"has-post-thumbnail","6":"product_cat-linea-atascar-de","7":"product_cat-reifen-und-rader","9":"first","10":"instock","11":"shipping-taxable","12":"product-type-variable"},"acf":[],"_links":{"self":[{"href":"https:\/\/www.atassrl.it\/de\/wp-json\/wp\/v2\/product\/2714","targetHints":{"allow":["GET"]}}],"collection":[{"href":"https:\/\/www.atassrl.it\/de\/wp-json\/wp\/v2\/product"}],"about":[{"href":"https:\/\/www.atassrl.it\/de\/wp-json\/wp\/v2\/types\/product"}],"wp:featuredmedia":[{"embeddable":true,"href":"https:\/\/www.atassrl.it\/de\/wp-json\/wp\/v2\/media\/8130"}],"wp:attachment":[{"href":"https:\/\/www.atassrl.it\/de\/wp-json\/wp\/v2\/media?parent=2714"}],"wp:term":[{"taxonomy":"product_brand","embeddable":true,"href":"https:\/\/www.atassrl.it\/de\/wp-json\/wp\/v2\/product_brand?post=2714"},{"taxonomy":"product_cat","embeddable":true,"href":"https:\/\/www.atassrl.it\/de\/wp-json\/wp\/v2\/product_cat?post=2714"},{"taxonomy":"product_tag","embeddable":true,"href":"https:\/\/www.atassrl.it\/de\/wp-json\/wp\/v2\/product_tag?post=2714"}],"curies":[{"name":"wp","href":"https:\/\/api.w.org\/{rel}","templated":true}]}}