{"id":2724,"date":"2019-07-04T15:33:20","date_gmt":"2019-07-04T13:33:20","guid":{"rendered":"http:\/\/atas.devsrvr.net\/prodotto\/maky\/"},"modified":"2022-06-24T10:39:25","modified_gmt":"2022-06-24T08:39:25","slug":"maky","status":"publish","type":"product","link":"https:\/\/www.atassrl.it\/de\/produkt\/maky\/","title":{"rendered":"MAKY"},"content":{"rendered":"<p>Reich an Polier- und Schutzkomponenten, belebt es mit der Zeit \u201cstumpfe\u201d Farben und stellt ihre urspr\u00fcngliche Sch\u00f6nheit wieder her. Es weist Staub und Feuchtigkeit ab und sch\u00fctzt die behandelten Teile vor Oxidation. Auch f\u00fcr Metallic-Lacke geeignet.<\/p>\n","protected":false},"excerpt":{"rendered":"<p>AUTOPOLITUR<\/p>\n","protected":false},"featured_media":8087,"template":"","meta":{"_acf_changed":false,"_seopress_robots_primary_cat":"","_seopress_titles_title":"","_seopress_titles_desc":"","_seopress_robots_index":"","_seopress_analysis_target_kw":""},"product_brand":[],"product_cat":[185],"product_tag":[739],"class_list":{"0":"post-2724","1":"product","2":"type-product","3":"status-publish","4":"has-post-thumbnail","6":"product_cat-linea-atascar-de","7":"product_tag-wachse-und-schutz","9":"first","10":"instock","11":"shipping-taxable","12":"product-type-simple"},"acf":[],"_links":{"self":[{"href":"https:\/\/www.atassrl.it\/de\/wp-json\/wp\/v2\/product\/2724","targetHints":{"allow":["GET"]}}],"collection":[{"href":"https:\/\/www.atassrl.it\/de\/wp-json\/wp\/v2\/product"}],"about":[{"href":"https:\/\/www.atassrl.it\/de\/wp-json\/wp\/v2\/types\/product"}],"wp:featuredmedia":[{"embeddable":true,"href":"https:\/\/www.atassrl.it\/de\/wp-json\/wp\/v2\/media\/8087"}],"wp:attachment":[{"href":"https:\/\/www.atassrl.it\/de\/wp-json\/wp\/v2\/media?parent=2724"}],"wp:term":[{"taxonomy":"product_brand","embeddable":true,"href":"https:\/\/www.atassrl.it\/de\/wp-json\/wp\/v2\/product_brand?post=2724"},{"taxonomy":"product_cat","embeddable":true,"href":"https:\/\/www.atassrl.it\/de\/wp-json\/wp\/v2\/product_cat?post=2724"},{"taxonomy":"product_tag","embeddable":true,"href":"https:\/\/www.atassrl.it\/de\/wp-json\/wp\/v2\/product_tag?post=2724"}],"curies":[{"name":"wp","href":"https:\/\/api.w.org\/{rel}","templated":true}]}}