{"id":2729,"date":"2019-07-04T15:39:50","date_gmt":"2019-07-04T13:39:50","guid":{"rendered":"http:\/\/atas.devsrvr.net\/prodotto\/waxy-cream\/"},"modified":"2022-06-24T10:26:07","modified_gmt":"2022-06-24T08:26:07","slug":"waxy-cream","status":"publish","type":"product","link":"https:\/\/www.atassrl.it\/de\/produkt\/waxy-cream\/","title":{"rendered":"WAXY CREAM"},"content":{"rendered":"<p>Mit einem hohen Gehalt an Wachsen und Silikonen beseitigt es Oxidation und Tr\u00fcbung von Auto- und Motorradkarosserien. Es hinterl\u00e4sst einen d\u00fcnnen, dauerhaften Schutzfilm, der vor saurem Regen, Smog und Sonnenlicht sch\u00fctzt. Es sorgt f\u00fcr ein brillantes Ergebnis.<\/p>\n","protected":false},"excerpt":{"rendered":"<p>SCH\u00dcTZENDE POLIERCREME<\/p>\n","protected":false},"featured_media":8067,"template":"","meta":{"_acf_changed":false,"_seopress_robots_primary_cat":"","_seopress_titles_title":"","_seopress_titles_desc":"","_seopress_robots_index":"","_seopress_analysis_target_kw":""},"product_brand":[],"product_cat":[185],"product_tag":[739],"class_list":{"0":"post-2729","1":"product","2":"type-product","3":"status-publish","4":"has-post-thumbnail","6":"product_cat-linea-atascar-de","7":"product_tag-wachse-und-schutz","9":"first","10":"instock","11":"shipping-taxable","12":"product-type-simple"},"acf":[],"_links":{"self":[{"href":"https:\/\/www.atassrl.it\/de\/wp-json\/wp\/v2\/product\/2729","targetHints":{"allow":["GET"]}}],"collection":[{"href":"https:\/\/www.atassrl.it\/de\/wp-json\/wp\/v2\/product"}],"about":[{"href":"https:\/\/www.atassrl.it\/de\/wp-json\/wp\/v2\/types\/product"}],"wp:featuredmedia":[{"embeddable":true,"href":"https:\/\/www.atassrl.it\/de\/wp-json\/wp\/v2\/media\/8067"}],"wp:attachment":[{"href":"https:\/\/www.atassrl.it\/de\/wp-json\/wp\/v2\/media?parent=2729"}],"wp:term":[{"taxonomy":"product_brand","embeddable":true,"href":"https:\/\/www.atassrl.it\/de\/wp-json\/wp\/v2\/product_brand?post=2729"},{"taxonomy":"product_cat","embeddable":true,"href":"https:\/\/www.atassrl.it\/de\/wp-json\/wp\/v2\/product_cat?post=2729"},{"taxonomy":"product_tag","embeddable":true,"href":"https:\/\/www.atassrl.it\/de\/wp-json\/wp\/v2\/product_tag?post=2729"}],"curies":[{"name":"wp","href":"https:\/\/api.w.org\/{rel}","templated":true}]}}