{"id":2735,"date":"2019-07-04T15:44:10","date_gmt":"2019-07-04T13:44:10","guid":{"rendered":"http:\/\/atas.devsrvr.net\/prodotto\/waxy-2000\/"},"modified":"2022-06-24T10:23:16","modified_gmt":"2022-06-24T08:23:16","slug":"waxy-2000","status":"publish","type":"product","link":"https:\/\/www.atassrl.it\/de\/produkt\/waxy-2000\/","title":{"rendered":"WAXY 2000"},"content":{"rendered":"<p>Neue Formel, reich an nat\u00fcrlichen Wachsen und Silikonen, geeignet f\u00fcr schnelle Polierbehandlungen. Es garantiert maximalen Schutz vor Witterungseinfl\u00fcssen.<br \/>\nErneuert gealterte Metallic- und Pastellfarben, beseitigt Insekten-, Asphalt- und Smogflecken. Auch f\u00fcr Motorr\u00e4der, Roller, Wohnmobile und Wohnwagen geeignet.<\/p>\n","protected":false},"excerpt":{"rendered":"<p>SCH\u00dcTZENDE POLIERCREME<\/p>\n","protected":false},"featured_media":2543,"template":"","meta":{"_acf_changed":false,"_seopress_robots_primary_cat":"","_seopress_titles_title":"","_seopress_titles_desc":"","_seopress_robots_index":"","_seopress_analysis_target_kw":""},"product_brand":[],"product_cat":[185],"product_tag":[739],"class_list":{"0":"post-2735","1":"product","2":"type-product","3":"status-publish","4":"has-post-thumbnail","6":"product_cat-linea-atascar-de","7":"product_tag-wachse-und-schutz","9":"first","10":"instock","11":"shipping-taxable","12":"product-type-variable"},"acf":[],"_links":{"self":[{"href":"https:\/\/www.atassrl.it\/de\/wp-json\/wp\/v2\/product\/2735","targetHints":{"allow":["GET"]}}],"collection":[{"href":"https:\/\/www.atassrl.it\/de\/wp-json\/wp\/v2\/product"}],"about":[{"href":"https:\/\/www.atassrl.it\/de\/wp-json\/wp\/v2\/types\/product"}],"wp:featuredmedia":[{"embeddable":true,"href":"https:\/\/www.atassrl.it\/de\/wp-json\/wp\/v2\/media\/2543"}],"wp:attachment":[{"href":"https:\/\/www.atassrl.it\/de\/wp-json\/wp\/v2\/media?parent=2735"}],"wp:term":[{"taxonomy":"product_brand","embeddable":true,"href":"https:\/\/www.atassrl.it\/de\/wp-json\/wp\/v2\/product_brand?post=2735"},{"taxonomy":"product_cat","embeddable":true,"href":"https:\/\/www.atassrl.it\/de\/wp-json\/wp\/v2\/product_cat?post=2735"},{"taxonomy":"product_tag","embeddable":true,"href":"https:\/\/www.atassrl.it\/de\/wp-json\/wp\/v2\/product_tag?post=2735"}],"curies":[{"name":"wp","href":"https:\/\/api.w.org\/{rel}","templated":true}]}}