{"id":2744,"date":"2019-07-04T15:47:18","date_gmt":"2019-07-04T13:47:18","guid":{"rendered":"http:\/\/atas.devsrvr.net\/prodotto\/waxy-2000-2\/"},"modified":"2022-06-24T10:24:19","modified_gmt":"2022-06-24T08:24:19","slug":"waxy-2000-2","status":"publish","type":"product","link":"https:\/\/www.atassrl.it\/de\/produkt\/waxy-2000-2\/","title":{"rendered":"WAXY 2000"},"content":{"rendered":"<p>Leicht abrasive Schutzpolierpaste auf Basis nat\u00fcrlicher Wachse und Silikone.<br \/>\nEs beseitigt die Spuren von leichten Kratzern und verschiedenen Flecken und gibt der Karosserie ihren urspr\u00fcnglichen Glanz zur\u00fcck. Sowohl f\u00fcr Pastell- als auch f\u00fcr Metallic-Lacke geeignet.<\/p>\n","protected":false},"excerpt":{"rendered":"<p>SCHLEIFPOLIERCREME<\/p>\n","protected":false},"featured_media":2544,"template":"","meta":{"_acf_changed":false,"_seopress_robots_primary_cat":"","_seopress_titles_title":"","_seopress_titles_desc":"","_seopress_robots_index":"","_seopress_analysis_target_kw":""},"product_brand":[],"product_cat":[185],"product_tag":[739],"class_list":{"0":"post-2744","1":"product","2":"type-product","3":"status-publish","4":"has-post-thumbnail","6":"product_cat-linea-atascar-de","7":"product_tag-wachse-und-schutz","9":"first","10":"instock","11":"shipping-taxable","12":"product-type-variable"},"acf":[],"_links":{"self":[{"href":"https:\/\/www.atassrl.it\/de\/wp-json\/wp\/v2\/product\/2744","targetHints":{"allow":["GET"]}}],"collection":[{"href":"https:\/\/www.atassrl.it\/de\/wp-json\/wp\/v2\/product"}],"about":[{"href":"https:\/\/www.atassrl.it\/de\/wp-json\/wp\/v2\/types\/product"}],"wp:featuredmedia":[{"embeddable":true,"href":"https:\/\/www.atassrl.it\/de\/wp-json\/wp\/v2\/media\/2544"}],"wp:attachment":[{"href":"https:\/\/www.atassrl.it\/de\/wp-json\/wp\/v2\/media?parent=2744"}],"wp:term":[{"taxonomy":"product_brand","embeddable":true,"href":"https:\/\/www.atassrl.it\/de\/wp-json\/wp\/v2\/product_brand?post=2744"},{"taxonomy":"product_cat","embeddable":true,"href":"https:\/\/www.atassrl.it\/de\/wp-json\/wp\/v2\/product_cat?post=2744"},{"taxonomy":"product_tag","embeddable":true,"href":"https:\/\/www.atassrl.it\/de\/wp-json\/wp\/v2\/product_tag?post=2744"}],"curies":[{"name":"wp","href":"https:\/\/api.w.org\/{rel}","templated":true}]}}