{"id":2759,"date":"2019-07-04T16:05:40","date_gmt":"2019-07-04T14:05:40","guid":{"rendered":"http:\/\/atas.devsrvr.net\/prodotto\/vinet\/"},"modified":"2022-06-30T11:39:37","modified_gmt":"2022-06-30T09:39:37","slug":"vinet","status":"publish","type":"product","link":"https:\/\/www.atassrl.it\/de\/produkt\/vinet\/","title":{"rendered":"VINET"},"content":{"rendered":"<p>Aktive Fl\u00fcssigkeit mit hoher Reinigungskraft, geeignet f\u00fcr Autoinnenr\u00e4ume, Wohnmobile und Wohnwagen, Kunststoff- und Vinyllederoberfl\u00e4chen, zur Reinigung mechanischer Teile, Rolll\u00e4den, Gartenm\u00f6bel, Werkzeuge, Linoleum, Laminat und lackierter Oberfl\u00e4chen. Es entfettet, desinfiziert und frischt die Farben auf, ohne R\u00fcckst\u00e4nde zu hinterlassen. Erh\u00e4ltlich sowohl in der 400-ml-Schaumversion als auch in der Fl\u00fcssigversion, beide f\u00fcr den manuellen Gebrauch.<\/p>\n","protected":false},"excerpt":{"rendered":"<p>VIELZWECKWASCHMITTEL<\/p>\n","protected":false},"featured_media":8267,"template":"","meta":{"_acf_changed":false,"_seopress_robots_primary_cat":"","_seopress_titles_title":"","_seopress_titles_desc":"","_seopress_robots_index":"","_seopress_analysis_target_kw":""},"product_brand":[],"product_cat":[725,185],"product_tag":[],"class_list":{"0":"post-2759","1":"product","2":"type-product","3":"status-publish","4":"has-post-thumbnail","6":"product_cat-innenreiniger","7":"product_cat-linea-atascar-de","9":"first","10":"instock","11":"shipping-taxable","12":"product-type-variable"},"acf":[],"_links":{"self":[{"href":"https:\/\/www.atassrl.it\/de\/wp-json\/wp\/v2\/product\/2759","targetHints":{"allow":["GET"]}}],"collection":[{"href":"https:\/\/www.atassrl.it\/de\/wp-json\/wp\/v2\/product"}],"about":[{"href":"https:\/\/www.atassrl.it\/de\/wp-json\/wp\/v2\/types\/product"}],"wp:featuredmedia":[{"embeddable":true,"href":"https:\/\/www.atassrl.it\/de\/wp-json\/wp\/v2\/media\/8267"}],"wp:attachment":[{"href":"https:\/\/www.atassrl.it\/de\/wp-json\/wp\/v2\/media?parent=2759"}],"wp:term":[{"taxonomy":"product_brand","embeddable":true,"href":"https:\/\/www.atassrl.it\/de\/wp-json\/wp\/v2\/product_brand?post=2759"},{"taxonomy":"product_cat","embeddable":true,"href":"https:\/\/www.atassrl.it\/de\/wp-json\/wp\/v2\/product_cat?post=2759"},{"taxonomy":"product_tag","embeddable":true,"href":"https:\/\/www.atassrl.it\/de\/wp-json\/wp\/v2\/product_tag?post=2759"}],"curies":[{"name":"wp","href":"https:\/\/api.w.org\/{rel}","templated":true}]}}