{"id":2769,"date":"2019-07-04T16:10:40","date_gmt":"2019-07-04T14:10:40","guid":{"rendered":"http:\/\/atas.devsrvr.net\/prodotto\/netins\/"},"modified":"2022-06-30T15:22:52","modified_gmt":"2022-06-30T13:22:52","slug":"netins","status":"publish","type":"product","link":"https:\/\/www.atassrl.it\/de\/produkt\/netins\/","title":{"rendered":"NETINS"},"content":{"rendered":"<p>Es beseitigt schnell organische R\u00fcckst\u00e4nde durch M\u00fccken und verschiedene Insekten von Autoscheiben und Karosserien. Es hinterl\u00e4sst keine Lichth\u00f6fe und greift Kunststoffe und Gummi nicht an. Erh\u00e4ltlich in gebrauchsfertigen und konzentrierten Versionen zur Verwendung in der speziellen Schale, gemischt mit Fensterreiniger oder Wasser.<\/p>\n","protected":false},"excerpt":{"rendered":"<p>INSEKTENENTFERNER<\/p>\n","protected":false},"featured_media":8752,"template":"","meta":{"_acf_changed":false,"_seopress_robots_primary_cat":"","_seopress_titles_title":"","_seopress_titles_desc":"","_seopress_robots_index":"","_seopress_analysis_target_kw":""},"product_brand":[],"product_cat":[723,185],"product_tag":[741],"class_list":{"0":"post-2769","1":"product","2":"type-product","3":"status-publish","4":"has-post-thumbnail","6":"product_cat-ausenreiniger","7":"product_cat-linea-atascar-de","8":"product_tag-ausenpflege","10":"first","11":"instock","12":"shipping-taxable","13":"product-type-variable"},"acf":[],"_links":{"self":[{"href":"https:\/\/www.atassrl.it\/de\/wp-json\/wp\/v2\/product\/2769","targetHints":{"allow":["GET"]}}],"collection":[{"href":"https:\/\/www.atassrl.it\/de\/wp-json\/wp\/v2\/product"}],"about":[{"href":"https:\/\/www.atassrl.it\/de\/wp-json\/wp\/v2\/types\/product"}],"wp:featuredmedia":[{"embeddable":true,"href":"https:\/\/www.atassrl.it\/de\/wp-json\/wp\/v2\/media\/8752"}],"wp:attachment":[{"href":"https:\/\/www.atassrl.it\/de\/wp-json\/wp\/v2\/media?parent=2769"}],"wp:term":[{"taxonomy":"product_brand","embeddable":true,"href":"https:\/\/www.atassrl.it\/de\/wp-json\/wp\/v2\/product_brand?post=2769"},{"taxonomy":"product_cat","embeddable":true,"href":"https:\/\/www.atassrl.it\/de\/wp-json\/wp\/v2\/product_cat?post=2769"},{"taxonomy":"product_tag","embeddable":true,"href":"https:\/\/www.atassrl.it\/de\/wp-json\/wp\/v2\/product_tag?post=2769"}],"curies":[{"name":"wp","href":"https:\/\/api.w.org\/{rel}","templated":true}]}}