{"id":2780,"date":"2019-07-04T16:15:00","date_gmt":"2019-07-04T14:15:00","guid":{"rendered":"http:\/\/atas.devsrvr.net\/prodotto\/deopar\/"},"modified":"2022-06-30T16:23:59","modified_gmt":"2022-06-30T14:23:59","slug":"deopar","status":"publish","type":"product","link":"https:\/\/www.atassrl.it\/de\/produkt\/deopar\/","title":{"rendered":"DEOPAR"},"content":{"rendered":"<p>Hochbest\u00e4ndige parf\u00fcmierte Fl\u00fcssigkeit, die f\u00fcr Autos und Wohnungen verwendet werden kann. Es enth\u00e4lt Stoffe mit hygienisierender Wirkung.<br \/>\nIn kleinen Dosen in der Umgebung vernebeln. Erh\u00e4ltlich in verschiedenen D\u00fcften.<\/p>\n","protected":false},"excerpt":{"rendered":"<p>DESINFIZIERENDES DEODORANT<\/p>\n","protected":false},"featured_media":8819,"template":"","meta":{"_acf_changed":false,"_seopress_robots_primary_cat":"","_seopress_titles_title":"","_seopress_titles_desc":"","_seopress_robots_index":"","_seopress_analysis_target_kw":""},"product_brand":[],"product_cat":[185],"product_tag":[],"class_list":{"0":"post-2780","1":"product","2":"type-product","3":"status-publish","4":"has-post-thumbnail","6":"product_cat-linea-atascar-de","8":"first","9":"instock","10":"shipping-taxable","11":"product-type-variable"},"acf":[],"_links":{"self":[{"href":"https:\/\/www.atassrl.it\/de\/wp-json\/wp\/v2\/product\/2780","targetHints":{"allow":["GET"]}}],"collection":[{"href":"https:\/\/www.atassrl.it\/de\/wp-json\/wp\/v2\/product"}],"about":[{"href":"https:\/\/www.atassrl.it\/de\/wp-json\/wp\/v2\/types\/product"}],"wp:featuredmedia":[{"embeddable":true,"href":"https:\/\/www.atassrl.it\/de\/wp-json\/wp\/v2\/media\/8819"}],"wp:attachment":[{"href":"https:\/\/www.atassrl.it\/de\/wp-json\/wp\/v2\/media?parent=2780"}],"wp:term":[{"taxonomy":"product_brand","embeddable":true,"href":"https:\/\/www.atassrl.it\/de\/wp-json\/wp\/v2\/product_brand?post=2780"},{"taxonomy":"product_cat","embeddable":true,"href":"https:\/\/www.atassrl.it\/de\/wp-json\/wp\/v2\/product_cat?post=2780"},{"taxonomy":"product_tag","embeddable":true,"href":"https:\/\/www.atassrl.it\/de\/wp-json\/wp\/v2\/product_tag?post=2780"}],"curies":[{"name":"wp","href":"https:\/\/api.w.org\/{rel}","templated":true}]}}