{"id":2790,"date":"2019-07-04T16:22:22","date_gmt":"2019-07-04T14:22:22","guid":{"rendered":"http:\/\/atas.devsrvr.net\/prodotto\/deore\/"},"modified":"2022-06-30T16:26:46","modified_gmt":"2022-06-30T14:26:46","slug":"deore","status":"publish","type":"product","link":"https:\/\/www.atassrl.it\/de\/produkt\/deore\/","title":{"rendered":"DEOR\u00c8"},"content":{"rendered":"<p>Lang anhaltendes konzentriertes Deodorant, geeignet f\u00fcr Fahrzeuge, Wohnungen und B\u00fcros. In kleinen Dosen auf Teppiche, Polster und in die Ecken von Badezimmern, B\u00fcros und Umgebungen im Allgemeinen spr\u00fchen.<\/p>\n","protected":false},"excerpt":{"rendered":"<p>KONZENTRIERTES RAUMDEODORISATOR<\/p>\n","protected":false},"featured_media":8829,"template":"","meta":{"_acf_changed":false,"_seopress_robots_primary_cat":"","_seopress_titles_title":"","_seopress_titles_desc":"","_seopress_robots_index":"","_seopress_analysis_target_kw":""},"product_brand":[],"product_cat":[185],"product_tag":[],"class_list":{"0":"post-2790","1":"product","2":"type-product","3":"status-publish","4":"has-post-thumbnail","6":"product_cat-linea-atascar-de","8":"first","9":"instock","10":"shipping-taxable","11":"product-type-variable"},"acf":[],"_links":{"self":[{"href":"https:\/\/www.atassrl.it\/de\/wp-json\/wp\/v2\/product\/2790","targetHints":{"allow":["GET"]}}],"collection":[{"href":"https:\/\/www.atassrl.it\/de\/wp-json\/wp\/v2\/product"}],"about":[{"href":"https:\/\/www.atassrl.it\/de\/wp-json\/wp\/v2\/types\/product"}],"wp:featuredmedia":[{"embeddable":true,"href":"https:\/\/www.atassrl.it\/de\/wp-json\/wp\/v2\/media\/8829"}],"wp:attachment":[{"href":"https:\/\/www.atassrl.it\/de\/wp-json\/wp\/v2\/media?parent=2790"}],"wp:term":[{"taxonomy":"product_brand","embeddable":true,"href":"https:\/\/www.atassrl.it\/de\/wp-json\/wp\/v2\/product_brand?post=2790"},{"taxonomy":"product_cat","embeddable":true,"href":"https:\/\/www.atassrl.it\/de\/wp-json\/wp\/v2\/product_cat?post=2790"},{"taxonomy":"product_tag","embeddable":true,"href":"https:\/\/www.atassrl.it\/de\/wp-json\/wp\/v2\/product_tag?post=2790"}],"curies":[{"name":"wp","href":"https:\/\/api.w.org\/{rel}","templated":true}]}}