{"id":2799,"date":"2019-07-04T16:26:18","date_gmt":"2019-07-04T14:26:18","guid":{"rendered":"http:\/\/atas.devsrvr.net\/prodotto\/at-301\/"},"modified":"2022-06-30T15:10:45","modified_gmt":"2022-06-30T13:10:45","slug":"at-301","status":"publish","type":"product","link":"https:\/\/www.atassrl.it\/de\/produkt\/at-301\/","title":{"rendered":"AT 301"},"content":{"rendered":"<p>Neutrales Reinigungsmittel mit spezieller Polierwirkung f\u00fcr harte Oberfl\u00e4chen.<br \/>\nGeeignet f\u00fcr die h\u00e4ufige Reinigung von Wasserh\u00e4hnen, Gl\u00e4sern, Spiegeln und Kristallen, kann es auch zum Reinigen und Polieren kleiner Oberfl\u00e4chen aus Stahl, einschlie\u00dflich Satin, verwendet werden. Es l\u00f6st selbst fettigen Schmutz schnell, hinterl\u00e4sst keine Schlieren und muss nicht nachgesp\u00fclt werden. Mit antistatischer Wirkung weist es Staub ab und verhindert, dass Schmutz hartn\u00e4ckig an Oberfl\u00e4chen haftet.<\/p>\n","protected":false},"excerpt":{"rendered":"<p>WASCHMITTEL F\u00dcR STAHL, H\u00c4HNE UND GL\u00c4SER<\/p>\n","protected":false},"featured_media":8747,"template":"","meta":{"_acf_changed":false,"_seopress_robots_primary_cat":"","_seopress_titles_title":"","_seopress_titles_desc":"","_seopress_robots_index":"","_seopress_analysis_target_kw":""},"product_brand":[],"product_cat":[185,727],"product_tag":[737],"class_list":{"0":"post-2799","1":"product","2":"type-product","3":"status-publish","4":"has-post-thumbnail","6":"product_cat-linea-atascar-de","7":"product_cat-stahlreiniger","8":"product_tag-spezielle-anwendungen","10":"first","11":"instock","12":"shipping-taxable","13":"product-type-simple"},"acf":[],"_links":{"self":[{"href":"https:\/\/www.atassrl.it\/de\/wp-json\/wp\/v2\/product\/2799","targetHints":{"allow":["GET"]}}],"collection":[{"href":"https:\/\/www.atassrl.it\/de\/wp-json\/wp\/v2\/product"}],"about":[{"href":"https:\/\/www.atassrl.it\/de\/wp-json\/wp\/v2\/types\/product"}],"wp:featuredmedia":[{"embeddable":true,"href":"https:\/\/www.atassrl.it\/de\/wp-json\/wp\/v2\/media\/8747"}],"wp:attachment":[{"href":"https:\/\/www.atassrl.it\/de\/wp-json\/wp\/v2\/media?parent=2799"}],"wp:term":[{"taxonomy":"product_brand","embeddable":true,"href":"https:\/\/www.atassrl.it\/de\/wp-json\/wp\/v2\/product_brand?post=2799"},{"taxonomy":"product_cat","embeddable":true,"href":"https:\/\/www.atassrl.it\/de\/wp-json\/wp\/v2\/product_cat?post=2799"},{"taxonomy":"product_tag","embeddable":true,"href":"https:\/\/www.atassrl.it\/de\/wp-json\/wp\/v2\/product_tag?post=2799"}],"curies":[{"name":"wp","href":"https:\/\/api.w.org\/{rel}","templated":true}]}}