{"id":2804,"date":"2019-07-04T16:29:26","date_gmt":"2019-07-04T14:29:26","guid":{"rendered":"http:\/\/atas.devsrvr.net\/prodotto\/detap\/"},"modified":"2022-06-30T11:44:24","modified_gmt":"2022-06-30T09:44:24","slug":"detap","status":"publish","type":"product","link":"https:\/\/www.atassrl.it\/de\/produkt\/detap\/","title":{"rendered":"DETAP"},"content":{"rendered":"<p>Reinigungsmittel auf Basis ausgew\u00e4hlter Tenside, speziell f\u00fcr die Reinigung von Stoffen und Teppichen im Autoinnenraum. Es entfernt schnell und gr\u00fcndlich Schmutz, frischt Farben auf und hinterl\u00e4sst einen angenehmen Duft. Erh\u00e4ltlich als 400-ml-Trockenschaum und als fl\u00fcssige Version, beide f\u00fcr den manuellen Gebrauch.<\/p>\n","protected":false},"excerpt":{"rendered":"<p>TEPPICHE WASCHMITTEL<\/p>\n","protected":false},"featured_media":8285,"template":"","meta":{"_acf_changed":false,"_seopress_robots_primary_cat":"","_seopress_titles_title":"","_seopress_titles_desc":"","_seopress_robots_index":"","_seopress_analysis_target_kw":""},"product_brand":[],"product_cat":[725,185],"product_tag":[],"class_list":{"0":"post-2804","1":"product","2":"type-product","3":"status-publish","4":"has-post-thumbnail","6":"product_cat-innenreiniger","7":"product_cat-linea-atascar-de","9":"first","10":"instock","11":"shipping-taxable","12":"product-type-variable"},"acf":[],"_links":{"self":[{"href":"https:\/\/www.atassrl.it\/de\/wp-json\/wp\/v2\/product\/2804","targetHints":{"allow":["GET"]}}],"collection":[{"href":"https:\/\/www.atassrl.it\/de\/wp-json\/wp\/v2\/product"}],"about":[{"href":"https:\/\/www.atassrl.it\/de\/wp-json\/wp\/v2\/types\/product"}],"wp:featuredmedia":[{"embeddable":true,"href":"https:\/\/www.atassrl.it\/de\/wp-json\/wp\/v2\/media\/8285"}],"wp:attachment":[{"href":"https:\/\/www.atassrl.it\/de\/wp-json\/wp\/v2\/media?parent=2804"}],"wp:term":[{"taxonomy":"product_brand","embeddable":true,"href":"https:\/\/www.atassrl.it\/de\/wp-json\/wp\/v2\/product_brand?post=2804"},{"taxonomy":"product_cat","embeddable":true,"href":"https:\/\/www.atassrl.it\/de\/wp-json\/wp\/v2\/product_cat?post=2804"},{"taxonomy":"product_tag","embeddable":true,"href":"https:\/\/www.atassrl.it\/de\/wp-json\/wp\/v2\/product_tag?post=2804"}],"curies":[{"name":"wp","href":"https:\/\/api.w.org\/{rel}","templated":true}]}}