{"id":2823,"date":"2019-07-04T16:37:22","date_gmt":"2019-07-04T14:37:22","guid":{"rendered":"http:\/\/atas.devsrvr.net\/prodotto\/rif\/"},"modified":"2022-06-30T14:48:58","modified_gmt":"2022-06-30T12:48:58","slug":"rif","status":"publish","type":"product","link":"https:\/\/www.atassrl.it\/de\/produkt\/rif\/","title":{"rendered":"RIF"},"content":{"rendered":"<p>Mit Frostschutzmitteln kompatibles fl\u00fcssiges Produkt; verhindert Verkrustungen und besch\u00e4digt die H\u00fclsen nicht. Mit hoher Dichtkraft repariert es innere und \u00e4u\u00dfere Risse in Heizk\u00f6rpern und Monobl\u00f6cken. Geeignet f\u00fcr Autos, Motorr\u00e4der und Industriefahrzeuge.<\/p>\n","protected":false},"excerpt":{"rendered":"<p>LECKSTOPPER F\u00dcR K\u00dcHLER UND MONOBLOCKS<\/p>\n","protected":false},"featured_media":8687,"template":"","meta":{"_acf_changed":false,"_seopress_robots_primary_cat":"","_seopress_titles_title":"","_seopress_titles_desc":"","_seopress_robots_index":"","_seopress_analysis_target_kw":""},"product_brand":[],"product_cat":[215,185],"product_tag":[],"class_list":{"0":"post-2823","1":"product","2":"type-product","3":"status-publish","4":"has-post-thumbnail","6":"product_cat-instandhaltung","7":"product_cat-linea-atascar-de","9":"first","10":"instock","11":"shipping-taxable","12":"product-type-simple"},"acf":[],"_links":{"self":[{"href":"https:\/\/www.atassrl.it\/de\/wp-json\/wp\/v2\/product\/2823","targetHints":{"allow":["GET"]}}],"collection":[{"href":"https:\/\/www.atassrl.it\/de\/wp-json\/wp\/v2\/product"}],"about":[{"href":"https:\/\/www.atassrl.it\/de\/wp-json\/wp\/v2\/types\/product"}],"wp:featuredmedia":[{"embeddable":true,"href":"https:\/\/www.atassrl.it\/de\/wp-json\/wp\/v2\/media\/8687"}],"wp:attachment":[{"href":"https:\/\/www.atassrl.it\/de\/wp-json\/wp\/v2\/media?parent=2823"}],"wp:term":[{"taxonomy":"product_brand","embeddable":true,"href":"https:\/\/www.atassrl.it\/de\/wp-json\/wp\/v2\/product_brand?post=2823"},{"taxonomy":"product_cat","embeddable":true,"href":"https:\/\/www.atassrl.it\/de\/wp-json\/wp\/v2\/product_cat?post=2823"},{"taxonomy":"product_tag","embeddable":true,"href":"https:\/\/www.atassrl.it\/de\/wp-json\/wp\/v2\/product_tag?post=2823"}],"curies":[{"name":"wp","href":"https:\/\/api.w.org\/{rel}","templated":true}]}}