{"id":2828,"date":"2019-07-04T16:47:26","date_gmt":"2019-07-04T14:47:26","guid":{"rendered":"http:\/\/atas.devsrvr.net\/prodotto\/siger\/"},"modified":"2022-06-30T14:44:12","modified_gmt":"2022-06-30T12:44:12","slug":"siger","status":"publish","type":"product","link":"https:\/\/www.atassrl.it\/de\/produkt\/siger\/","title":{"rendered":"SIGER"},"content":{"rendered":"<p>Spezielle Paste, die entwickelt wurde, um jede Art von Garnierung zu erstellen oder zu ersetzen. Es bildet eine kalt selbstvulkanisierende Schicht der gew\u00fcnschten Dicke. Es tropft nicht, kann vertikal verwendet werden, widersteht \u00d6len, L\u00f6sungsmitteln, Wasser, Glykolen, Fetten und hohen und niedrigen Temperaturen (-70 \/ + 300 \u00b0 C). Geeignet zum Kuppeln von Motoren, Kurbelgeh\u00e4usen, \u00d6lwannen, Pumpen usw. Nicht zum Kuppeln von Teflon-, Polyethylen- und Metallteilen verwenden.<\/p>\n","protected":false},"excerpt":{"rendered":"<p>ESSIG-SILIKON-DICHTUNG<\/p>\n","protected":false},"featured_media":8666,"template":"","meta":{"_acf_changed":false,"_seopress_robots_primary_cat":"","_seopress_titles_title":"","_seopress_titles_desc":"","_seopress_robots_index":"","_seopress_analysis_target_kw":""},"product_brand":[],"product_cat":[185],"product_tag":[],"class_list":{"0":"post-2828","1":"product","2":"type-product","3":"status-publish","4":"has-post-thumbnail","6":"product_cat-linea-atascar-de","8":"first","9":"instock","10":"shipping-taxable","11":"product-type-variable"},"acf":[],"_links":{"self":[{"href":"https:\/\/www.atassrl.it\/de\/wp-json\/wp\/v2\/product\/2828","targetHints":{"allow":["GET"]}}],"collection":[{"href":"https:\/\/www.atassrl.it\/de\/wp-json\/wp\/v2\/product"}],"about":[{"href":"https:\/\/www.atassrl.it\/de\/wp-json\/wp\/v2\/types\/product"}],"wp:featuredmedia":[{"embeddable":true,"href":"https:\/\/www.atassrl.it\/de\/wp-json\/wp\/v2\/media\/8666"}],"wp:attachment":[{"href":"https:\/\/www.atassrl.it\/de\/wp-json\/wp\/v2\/media?parent=2828"}],"wp:term":[{"taxonomy":"product_brand","embeddable":true,"href":"https:\/\/www.atassrl.it\/de\/wp-json\/wp\/v2\/product_brand?post=2828"},{"taxonomy":"product_cat","embeddable":true,"href":"https:\/\/www.atassrl.it\/de\/wp-json\/wp\/v2\/product_cat?post=2828"},{"taxonomy":"product_tag","embeddable":true,"href":"https:\/\/www.atassrl.it\/de\/wp-json\/wp\/v2\/product_tag?post=2828"}],"curies":[{"name":"wp","href":"https:\/\/api.w.org\/{rel}","templated":true}]}}