{"id":2835,"date":"2019-07-04T17:01:08","date_gmt":"2019-07-04T15:01:08","guid":{"rendered":"http:\/\/atas.devsrvr.net\/prodotto\/siger-bs200\/"},"modified":"2022-07-04T18:07:17","modified_gmt":"2022-07-04T16:07:17","slug":"siger-bs200","status":"publish","type":"product","link":"https:\/\/www.atassrl.it\/de\/produkt\/siger-bs200\/","title":{"rendered":"SIGER BS200"},"content":{"rendered":"<p style=\"font-weight: 400;\">Speziell f\u00fcr Automobil-, Landwirtschafts- und Industrieanwendungen. Hohe \u00d6lbest\u00e4ndigkeit und hohe Flexibilit\u00e4t, greift Lambdasonden und Katalysatoren nicht an. Best\u00e4ndig gegen Fette, Glykole, S\u00e4uren, Benzin, Dampf und Wasser. Typische Anwendungen: Zylinderkopfdichtungen, \u00d6lwanne, St\u00f6\u00dfeldeckel, Ansaugkr\u00fcmmer, Getriebe, Differentialdeckel, Wasserpumpe, Thermostat, Hydraulikarmaturen und Rohre. Gebrauchsanweisung: Eine gleichm\u00e4\u00dfige Schicht auf saubere und trockene Oberfl\u00e4chen auftragen. Warten Sie 15\/20 Minuten, bevor Sie mit der Montage fortfahren. Es kann in Verbindung mit vorgeformten Dichtungen verwendet werden, um deren Dichtf\u00e4higkeit zu verbessern.<\/p>\n","protected":false},"excerpt":{"rendered":"<p>SILIKON-DICHTUNGSPASTE<\/p>\n","protected":false},"featured_media":8671,"template":"","meta":{"_acf_changed":false,"_seopress_robots_primary_cat":"","_seopress_titles_title":"","_seopress_titles_desc":"","_seopress_robots_index":"","_seopress_analysis_target_kw":""},"product_brand":[],"product_cat":[185],"product_tag":[],"class_list":{"0":"post-2835","1":"product","2":"type-product","3":"status-publish","4":"has-post-thumbnail","6":"product_cat-linea-atascar-de","8":"first","9":"instock","10":"shipping-taxable","11":"product-type-variable"},"acf":[],"_links":{"self":[{"href":"https:\/\/www.atassrl.it\/de\/wp-json\/wp\/v2\/product\/2835","targetHints":{"allow":["GET"]}}],"collection":[{"href":"https:\/\/www.atassrl.it\/de\/wp-json\/wp\/v2\/product"}],"about":[{"href":"https:\/\/www.atassrl.it\/de\/wp-json\/wp\/v2\/types\/product"}],"wp:featuredmedia":[{"embeddable":true,"href":"https:\/\/www.atassrl.it\/de\/wp-json\/wp\/v2\/media\/8671"}],"wp:attachment":[{"href":"https:\/\/www.atassrl.it\/de\/wp-json\/wp\/v2\/media?parent=2835"}],"wp:term":[{"taxonomy":"product_brand","embeddable":true,"href":"https:\/\/www.atassrl.it\/de\/wp-json\/wp\/v2\/product_brand?post=2835"},{"taxonomy":"product_cat","embeddable":true,"href":"https:\/\/www.atassrl.it\/de\/wp-json\/wp\/v2\/product_cat?post=2835"},{"taxonomy":"product_tag","embeddable":true,"href":"https:\/\/www.atassrl.it\/de\/wp-json\/wp\/v2\/product_tag?post=2835"}],"curies":[{"name":"wp","href":"https:\/\/api.w.org\/{rel}","templated":true}]}}