{"id":2841,"date":"2019-07-04T17:14:28","date_gmt":"2019-07-04T15:14:28","guid":{"rendered":"http:\/\/atas.devsrvr.net\/prodotto\/pluri\/"},"modified":"2022-06-30T11:40:58","modified_gmt":"2022-06-30T09:40:58","slug":"pluri","status":"publish","type":"product","link":"https:\/\/www.atassrl.it\/de\/produkt\/pluri\/","title":{"rendered":"PLURI"},"content":{"rendered":"<p>Hochkonzentriertes alkalisches Produkt, geeignet f\u00fcr die allgemeine Reinigung von harten Oberfl\u00e4chen. Es entfernt schnell und gr\u00fcndlich Verschmutzungen, selbst verkrustete. Wirksam gegen Fett, Smog, Ru\u00df, \u00d6lr\u00fcckst\u00e4nde, Schlamm, Markierungsspuren etc. In jedem Verh\u00e4ltnis mit Wasser verd\u00fcnnbar, findet es in unz\u00e4hligen Anwendungen von Industrie bis Haushalt und Hobby Anwendung. Mit geringer Schaumkraft l\u00e4sst es sich leicht aussp\u00fclen. Befolgen Sie die auf dem Etikett angegebenen Gebrauchsanweisungen.<\/p>\n","protected":false},"excerpt":{"rendered":"<p>STARKER MEHRZWECKENTFETTER<\/p>\n","protected":false},"featured_media":8279,"template":"","meta":{"_acf_changed":false,"_seopress_robots_primary_cat":"","_seopress_titles_title":"","_seopress_titles_desc":"","_seopress_robots_index":"","_seopress_analysis_target_kw":""},"product_brand":[],"product_cat":[185,841],"product_tag":[741],"class_list":{"0":"post-2841","1":"product","2":"type-product","3":"status-publish","4":"has-post-thumbnail","6":"product_cat-linea-atascar-de","7":"product_cat-produkte-fuer-karosseriewerkstaetten","8":"product_tag-ausenpflege","10":"first","11":"instock","12":"shipping-taxable","13":"product-type-simple"},"acf":[],"_links":{"self":[{"href":"https:\/\/www.atassrl.it\/de\/wp-json\/wp\/v2\/product\/2841","targetHints":{"allow":["GET"]}}],"collection":[{"href":"https:\/\/www.atassrl.it\/de\/wp-json\/wp\/v2\/product"}],"about":[{"href":"https:\/\/www.atassrl.it\/de\/wp-json\/wp\/v2\/types\/product"}],"wp:featuredmedia":[{"embeddable":true,"href":"https:\/\/www.atassrl.it\/de\/wp-json\/wp\/v2\/media\/8279"}],"wp:attachment":[{"href":"https:\/\/www.atassrl.it\/de\/wp-json\/wp\/v2\/media?parent=2841"}],"wp:term":[{"taxonomy":"product_brand","embeddable":true,"href":"https:\/\/www.atassrl.it\/de\/wp-json\/wp\/v2\/product_brand?post=2841"},{"taxonomy":"product_cat","embeddable":true,"href":"https:\/\/www.atassrl.it\/de\/wp-json\/wp\/v2\/product_cat?post=2841"},{"taxonomy":"product_tag","embeddable":true,"href":"https:\/\/www.atassrl.it\/de\/wp-json\/wp\/v2\/product_tag?post=2841"}],"curies":[{"name":"wp","href":"https:\/\/api.w.org\/{rel}","templated":true}]}}