{"id":2844,"date":"2019-07-04T17:17:00","date_gmt":"2019-07-04T15:17:00","guid":{"rendered":"http:\/\/atas.devsrvr.net\/prodotto\/solf\/"},"modified":"2022-06-30T15:24:03","modified_gmt":"2022-06-30T13:24:03","slug":"solf","status":"publish","type":"product","link":"https:\/\/www.atassrl.it\/de\/produkt\/solf\/","title":{"rendered":"SOLF"},"content":{"rendered":"<p>Es l\u00f6st schnell und gr\u00fcndlich sowohl organische als auch anorganische Verschmutzungen und stellt die urspr\u00fcngliche Produktionsleistung des Systems wieder her. Vertr\u00e4glich mit Kunststoffen, Gummi, Aluminium und Glasteilen, l\u00e4sst sich leicht absp\u00fclen und hinterl\u00e4sst keine Streifen.<\/p>\n","protected":false},"excerpt":{"rendered":"<p>REINIGUNGSMITTEL F\u00dcR PHOTOVOLTAIK UND SONNENKOLLEKTOREN<\/p>\n","protected":false},"featured_media":8758,"template":"","meta":{"_acf_changed":false,"_seopress_robots_primary_cat":"","_seopress_titles_title":"","_seopress_titles_desc":"","_seopress_robots_index":"","_seopress_analysis_target_kw":""},"product_brand":[],"product_cat":[185,237],"product_tag":[737],"class_list":{"0":"post-2844","1":"product","2":"type-product","3":"status-publish","4":"has-post-thumbnail","6":"product_cat-linea-atascar-de","7":"product_cat-linea-ataschem-de","8":"product_tag-spezielle-anwendungen","10":"first","11":"instock","12":"shipping-taxable","13":"product-type-simple"},"acf":[],"_links":{"self":[{"href":"https:\/\/www.atassrl.it\/de\/wp-json\/wp\/v2\/product\/2844","targetHints":{"allow":["GET"]}}],"collection":[{"href":"https:\/\/www.atassrl.it\/de\/wp-json\/wp\/v2\/product"}],"about":[{"href":"https:\/\/www.atassrl.it\/de\/wp-json\/wp\/v2\/types\/product"}],"wp:featuredmedia":[{"embeddable":true,"href":"https:\/\/www.atassrl.it\/de\/wp-json\/wp\/v2\/media\/8758"}],"wp:attachment":[{"href":"https:\/\/www.atassrl.it\/de\/wp-json\/wp\/v2\/media?parent=2844"}],"wp:term":[{"taxonomy":"product_brand","embeddable":true,"href":"https:\/\/www.atassrl.it\/de\/wp-json\/wp\/v2\/product_brand?post=2844"},{"taxonomy":"product_cat","embeddable":true,"href":"https:\/\/www.atassrl.it\/de\/wp-json\/wp\/v2\/product_cat?post=2844"},{"taxonomy":"product_tag","embeddable":true,"href":"https:\/\/www.atassrl.it\/de\/wp-json\/wp\/v2\/product_tag?post=2844"}],"curies":[{"name":"wp","href":"https:\/\/api.w.org\/{rel}","templated":true}]}}