{"id":2847,"date":"2019-07-04T17:19:06","date_gmt":"2019-07-04T15:19:06","guid":{"rendered":"http:\/\/atas.devsrvr.net\/prodotto\/dms-1508\/"},"modified":"2022-06-30T14:40:31","modified_gmt":"2022-06-30T12:40:31","slug":"dms-1508","status":"publish","type":"product","link":"https:\/\/www.atassrl.it\/de\/produkt\/dms-1508\/","title":{"rendered":"DMS 1508"},"content":{"rendered":"<p>Professionelles Reinigungsmittel zum Entfetten und Reinigen von an Fahrzeugen montierten Motoren und mechanischen Teilen im Allgemeinen. Auf Wasserbasis entfernt es dank eines starken alkalischen Schaums effektiv Schlamm und Fett, ohne R\u00fcckst\u00e4nde zu hinterlassen. Es hat einen angenehmen Duft, enth\u00e4lt keine L\u00f6sungsmittel auf Erd\u00f6lbasis und l\u00e4sst sich leicht aussp\u00fclen.<\/p>\n","protected":false},"excerpt":{"rendered":"<p>ENTFETTER F\u00dcR MECHANISCHE TEILE<\/p>\n","protected":false},"featured_media":8641,"template":"","meta":{"_acf_changed":false,"_seopress_robots_primary_cat":"","_seopress_titles_title":"","_seopress_titles_desc":"","_seopress_robots_index":"","_seopress_analysis_target_kw":""},"product_brand":[],"product_cat":[185],"product_tag":[],"class_list":{"0":"post-2847","1":"product","2":"type-product","3":"status-publish","4":"has-post-thumbnail","6":"product_cat-linea-atascar-de","8":"first","9":"instock","10":"shipping-taxable","11":"product-type-simple"},"acf":[],"_links":{"self":[{"href":"https:\/\/www.atassrl.it\/de\/wp-json\/wp\/v2\/product\/2847","targetHints":{"allow":["GET"]}}],"collection":[{"href":"https:\/\/www.atassrl.it\/de\/wp-json\/wp\/v2\/product"}],"about":[{"href":"https:\/\/www.atassrl.it\/de\/wp-json\/wp\/v2\/types\/product"}],"wp:featuredmedia":[{"embeddable":true,"href":"https:\/\/www.atassrl.it\/de\/wp-json\/wp\/v2\/media\/8641"}],"wp:attachment":[{"href":"https:\/\/www.atassrl.it\/de\/wp-json\/wp\/v2\/media?parent=2847"}],"wp:term":[{"taxonomy":"product_brand","embeddable":true,"href":"https:\/\/www.atassrl.it\/de\/wp-json\/wp\/v2\/product_brand?post=2847"},{"taxonomy":"product_cat","embeddable":true,"href":"https:\/\/www.atassrl.it\/de\/wp-json\/wp\/v2\/product_cat?post=2847"},{"taxonomy":"product_tag","embeddable":true,"href":"https:\/\/www.atassrl.it\/de\/wp-json\/wp\/v2\/product_tag?post=2847"}],"curies":[{"name":"wp","href":"https:\/\/api.w.org\/{rel}","templated":true}]}}