{"id":2850,"date":"2019-07-04T17:21:45","date_gmt":"2019-07-04T15:21:45","guid":{"rendered":"http:\/\/atas.devsrvr.net\/prodotto\/silfren\/"},"modified":"2022-06-30T11:03:49","modified_gmt":"2022-06-30T09:03:49","slug":"silfren","status":"publish","type":"product","link":"https:\/\/www.atassrl.it\/de\/produkt\/silfren\/","title":{"rendered":"SILFREN"},"content":{"rendered":"<p>Dank der speziellen Langstrahld\u00fcse entfernt es schnell und ohne Demontagearbeiten Verkrustungen von \u00d6l, Schlamm, Bremsfl\u00fcssigkeit, Belagstaub, Teer und Oxidation von jeder Art von Bremssystem. Es trocknet schnell, hinterl\u00e4sst keine R\u00fcckst\u00e4nde und kann auch zur Reinigung von Kupplungseinheiten verwendet werden.<\/p>\n","protected":false},"excerpt":{"rendered":"<p>BREMSREINIGER<\/p>\n","protected":false},"featured_media":8226,"template":"","meta":{"_acf_changed":false,"_seopress_robots_primary_cat":"","_seopress_titles_title":"","_seopress_titles_desc":"","_seopress_robots_index":"","_seopress_analysis_target_kw":""},"product_brand":[],"product_cat":[849,185,218],"product_tag":[879],"class_list":{"0":"post-2850","1":"product","2":"type-product","3":"status-publish","4":"has-post-thumbnail","6":"product_cat-entfetter-fuer-mechanische-teile","7":"product_cat-linea-atascar-de","8":"product_cat-motorrader-und-fahrrader","9":"product_tag-technische-produkte","11":"first","12":"instock","13":"shipping-taxable","14":"product-type-simple"},"acf":[],"_links":{"self":[{"href":"https:\/\/www.atassrl.it\/de\/wp-json\/wp\/v2\/product\/2850","targetHints":{"allow":["GET"]}}],"collection":[{"href":"https:\/\/www.atassrl.it\/de\/wp-json\/wp\/v2\/product"}],"about":[{"href":"https:\/\/www.atassrl.it\/de\/wp-json\/wp\/v2\/types\/product"}],"wp:featuredmedia":[{"embeddable":true,"href":"https:\/\/www.atassrl.it\/de\/wp-json\/wp\/v2\/media\/8226"}],"wp:attachment":[{"href":"https:\/\/www.atassrl.it\/de\/wp-json\/wp\/v2\/media?parent=2850"}],"wp:term":[{"taxonomy":"product_brand","embeddable":true,"href":"https:\/\/www.atassrl.it\/de\/wp-json\/wp\/v2\/product_brand?post=2850"},{"taxonomy":"product_cat","embeddable":true,"href":"https:\/\/www.atassrl.it\/de\/wp-json\/wp\/v2\/product_cat?post=2850"},{"taxonomy":"product_tag","embeddable":true,"href":"https:\/\/www.atassrl.it\/de\/wp-json\/wp\/v2\/product_tag?post=2850"}],"curies":[{"name":"wp","href":"https:\/\/api.w.org\/{rel}","templated":true}]}}