{"id":2853,"date":"2019-07-04T17:24:38","date_gmt":"2019-07-04T15:24:38","guid":{"rendered":"http:\/\/atas.devsrvr.net\/prodotto\/decabit\/"},"modified":"2022-06-30T14:57:35","modified_gmt":"2022-06-30T12:57:35","slug":"decabit","status":"publish","type":"product","link":"https:\/\/www.atassrl.it\/de\/produkt\/decabit\/","title":{"rendered":"DECABIT"},"content":{"rendered":"<p>Es entfernt schnell und sicher Bitumen und Teer von Lack- und Kunststoffteilen. Es hinterl\u00e4sst keine R\u00fcckst\u00e4nde und ist auch zum L\u00f6sen von Leimen und Klebstoffen geeignet.<\/p>\n","protected":false},"excerpt":{"rendered":"<p>TEERENTFERNER<\/p>\n","protected":false},"featured_media":8732,"template":"","meta":{"_acf_changed":false,"_seopress_robots_primary_cat":"","_seopress_titles_title":"","_seopress_titles_desc":"","_seopress_robots_index":"","_seopress_analysis_target_kw":""},"product_brand":[],"product_cat":[723,185],"product_tag":[743],"class_list":{"0":"post-2853","1":"product","2":"type-product","3":"status-publish","4":"has-post-thumbnail","6":"product_cat-ausenreiniger","7":"product_cat-linea-atascar-de","8":"product_tag-dekontaminierung","10":"first","11":"instock","12":"shipping-taxable","13":"product-type-simple"},"acf":[],"_links":{"self":[{"href":"https:\/\/www.atassrl.it\/de\/wp-json\/wp\/v2\/product\/2853","targetHints":{"allow":["GET"]}}],"collection":[{"href":"https:\/\/www.atassrl.it\/de\/wp-json\/wp\/v2\/product"}],"about":[{"href":"https:\/\/www.atassrl.it\/de\/wp-json\/wp\/v2\/types\/product"}],"wp:featuredmedia":[{"embeddable":true,"href":"https:\/\/www.atassrl.it\/de\/wp-json\/wp\/v2\/media\/8732"}],"wp:attachment":[{"href":"https:\/\/www.atassrl.it\/de\/wp-json\/wp\/v2\/media?parent=2853"}],"wp:term":[{"taxonomy":"product_brand","embeddable":true,"href":"https:\/\/www.atassrl.it\/de\/wp-json\/wp\/v2\/product_brand?post=2853"},{"taxonomy":"product_cat","embeddable":true,"href":"https:\/\/www.atassrl.it\/de\/wp-json\/wp\/v2\/product_cat?post=2853"},{"taxonomy":"product_tag","embeddable":true,"href":"https:\/\/www.atassrl.it\/de\/wp-json\/wp\/v2\/product_tag?post=2853"}],"curies":[{"name":"wp","href":"https:\/\/api.w.org\/{rel}","templated":true}]}}