{"id":2856,"date":"2019-07-04T17:26:32","date_gmt":"2019-07-04T15:26:32","guid":{"rendered":"http:\/\/atas.devsrvr.net\/prodotto\/brinox\/"},"modified":"2022-06-30T15:26:40","modified_gmt":"2022-06-30T13:26:40","slug":"brinox","status":"publish","type":"product","link":"https:\/\/www.atassrl.it\/de\/produkt\/brinox\/","title":{"rendered":"BRINOX"},"content":{"rendered":"<p>Praktisch und wirkungsvoll bringt es den urspr\u00fcnglichen Glanz auf Edelstahloberfl\u00e4chen zur\u00fcck. Geeignet f\u00fcr K\u00fcchen, Theken, K\u00fchlschr\u00e4nke, Aufzugst\u00fcren, Wannen, Ger\u00e4te etc., beseitigt Schmutz und wirkt sch\u00fctzend, antioxidativ und wasserabweisend.<\/p>\n","protected":false},"excerpt":{"rendered":"<p>POLIERREINIGER F\u00dcR EDELSTAHL<\/p>\n","protected":false},"featured_media":8764,"template":"","meta":{"_acf_changed":false,"_seopress_robots_primary_cat":"","_seopress_titles_title":"","_seopress_titles_desc":"","_seopress_robots_index":"","_seopress_analysis_target_kw":""},"product_brand":[],"product_cat":[185,727],"product_tag":[737],"class_list":{"0":"post-2856","1":"product","2":"type-product","3":"status-publish","4":"has-post-thumbnail","6":"product_cat-linea-atascar-de","7":"product_cat-stahlreiniger","8":"product_tag-spezielle-anwendungen","10":"first","11":"instock","12":"shipping-taxable","13":"product-type-simple"},"acf":[],"_links":{"self":[{"href":"https:\/\/www.atassrl.it\/de\/wp-json\/wp\/v2\/product\/2856","targetHints":{"allow":["GET"]}}],"collection":[{"href":"https:\/\/www.atassrl.it\/de\/wp-json\/wp\/v2\/product"}],"about":[{"href":"https:\/\/www.atassrl.it\/de\/wp-json\/wp\/v2\/types\/product"}],"wp:featuredmedia":[{"embeddable":true,"href":"https:\/\/www.atassrl.it\/de\/wp-json\/wp\/v2\/media\/8764"}],"wp:attachment":[{"href":"https:\/\/www.atassrl.it\/de\/wp-json\/wp\/v2\/media?parent=2856"}],"wp:term":[{"taxonomy":"product_brand","embeddable":true,"href":"https:\/\/www.atassrl.it\/de\/wp-json\/wp\/v2\/product_brand?post=2856"},{"taxonomy":"product_cat","embeddable":true,"href":"https:\/\/www.atassrl.it\/de\/wp-json\/wp\/v2\/product_cat?post=2856"},{"taxonomy":"product_tag","embeddable":true,"href":"https:\/\/www.atassrl.it\/de\/wp-json\/wp\/v2\/product_tag?post=2856"}],"curies":[{"name":"wp","href":"https:\/\/api.w.org\/{rel}","templated":true}]}}