{"id":2859,"date":"2019-07-04T17:28:25","date_gmt":"2019-07-04T15:28:25","guid":{"rendered":"http:\/\/atas.devsrvr.net\/prodotto\/dancol\/"},"modified":"2022-06-30T15:05:33","modified_gmt":"2022-06-30T13:05:33","slug":"dancol","status":"publish","type":"product","link":"https:\/\/www.atassrl.it\/de\/produkt\/dancol\/","title":{"rendered":"DANCOL"},"content":{"rendered":"<p>Vielseitiges Produkt auf L\u00f6sungsmittelbasis, l\u00f6st schnell fettige R\u00fcckst\u00e4nde, auch wenn sie verkrustet sind, auf Metalloberfl\u00e4chen und Ger\u00e4ten im Allgemeinen. Es entfernt R\u00fcckst\u00e4nde von Klebstoffen, Wachsen, Silikonen, Gummis, Tinten, nicht getrockneten Farben und eignet sich auch zum Entfernen von Etiketten und Klebstoffen.<\/p>\n","protected":false},"excerpt":{"rendered":"<p>INDUSTRIEREINIGER<\/p>\n","protected":false},"featured_media":8742,"template":"","meta":{"_acf_changed":false,"_seopress_robots_primary_cat":"","_seopress_titles_title":"","_seopress_titles_desc":"","_seopress_robots_index":"","_seopress_analysis_target_kw":""},"product_brand":[],"product_cat":[723,185],"product_tag":[743],"class_list":{"0":"post-2859","1":"product","2":"type-product","3":"status-publish","4":"has-post-thumbnail","6":"product_cat-ausenreiniger","7":"product_cat-linea-atascar-de","8":"product_tag-dekontaminierung","10":"first","11":"instock","12":"shipping-taxable","13":"product-type-simple"},"acf":[],"_links":{"self":[{"href":"https:\/\/www.atassrl.it\/de\/wp-json\/wp\/v2\/product\/2859","targetHints":{"allow":["GET"]}}],"collection":[{"href":"https:\/\/www.atassrl.it\/de\/wp-json\/wp\/v2\/product"}],"about":[{"href":"https:\/\/www.atassrl.it\/de\/wp-json\/wp\/v2\/types\/product"}],"wp:featuredmedia":[{"embeddable":true,"href":"https:\/\/www.atassrl.it\/de\/wp-json\/wp\/v2\/media\/8742"}],"wp:attachment":[{"href":"https:\/\/www.atassrl.it\/de\/wp-json\/wp\/v2\/media?parent=2859"}],"wp:term":[{"taxonomy":"product_brand","embeddable":true,"href":"https:\/\/www.atassrl.it\/de\/wp-json\/wp\/v2\/product_brand?post=2859"},{"taxonomy":"product_cat","embeddable":true,"href":"https:\/\/www.atassrl.it\/de\/wp-json\/wp\/v2\/product_cat?post=2859"},{"taxonomy":"product_tag","embeddable":true,"href":"https:\/\/www.atassrl.it\/de\/wp-json\/wp\/v2\/product_tag?post=2859"}],"curies":[{"name":"wp","href":"https:\/\/api.w.org\/{rel}","templated":true}]}}