{"id":2862,"date":"2019-07-04T17:30:35","date_gmt":"2019-07-04T15:30:35","guid":{"rendered":"http:\/\/atas.devsrvr.net\/prodotto\/lusigen\/"},"modified":"2022-06-30T16:40:08","modified_gmt":"2022-06-30T14:40:08","slug":"lusigen","status":"publish","type":"product","link":"https:\/\/www.atassrl.it\/de\/produkt\/lusigen\/","title":{"rendered":"LUSIGEN"},"content":{"rendered":"<p>Hervorragende Formulierung mit breitem Wirkungsspektrum f\u00fcr die von Oberfl\u00e4chen und Umgebungen im Allgemeinen, sogar in Schulen und im Gesundheitswesen. Es f\u00fchrt auch eine wirksame neutralisierende Wirkung gegen unangenehme Ger\u00fcche aus, die durch Mikroorganismen in K\u00fcchen, Badezimmern, Haustierbetten, Rauch usw. verursacht werden. Es ist auch besonders geeignet f\u00fcr die Behandlung von Klimaanlagen in Autos, B\u00fcros und Wohnungen, die oft eine Quelle f\u00fcr kontaminierte Situationen sind.<\/p>\n","protected":false},"excerpt":{"rendered":"<p>HYGIENEMITTEL F\u00dcR KLIMAANLAGEN UND UMGEBUNGEN<\/p>\n","protected":false},"featured_media":8907,"template":"","meta":{"_acf_changed":false,"_seopress_robots_primary_cat":"","_seopress_titles_title":"","_seopress_titles_desc":"","_seopress_robots_index":"","_seopress_analysis_target_kw":""},"product_brand":[],"product_cat":[185],"product_tag":[],"class_list":{"0":"post-2862","1":"product","2":"type-product","3":"status-publish","4":"has-post-thumbnail","6":"product_cat-linea-atascar-de","8":"first","9":"instock","10":"shipping-taxable","11":"product-type-simple"},"acf":[],"_links":{"self":[{"href":"https:\/\/www.atassrl.it\/de\/wp-json\/wp\/v2\/product\/2862","targetHints":{"allow":["GET"]}}],"collection":[{"href":"https:\/\/www.atassrl.it\/de\/wp-json\/wp\/v2\/product"}],"about":[{"href":"https:\/\/www.atassrl.it\/de\/wp-json\/wp\/v2\/types\/product"}],"wp:featuredmedia":[{"embeddable":true,"href":"https:\/\/www.atassrl.it\/de\/wp-json\/wp\/v2\/media\/8907"}],"wp:attachment":[{"href":"https:\/\/www.atassrl.it\/de\/wp-json\/wp\/v2\/media?parent=2862"}],"wp:term":[{"taxonomy":"product_brand","embeddable":true,"href":"https:\/\/www.atassrl.it\/de\/wp-json\/wp\/v2\/product_brand?post=2862"},{"taxonomy":"product_cat","embeddable":true,"href":"https:\/\/www.atassrl.it\/de\/wp-json\/wp\/v2\/product_cat?post=2862"},{"taxonomy":"product_tag","embeddable":true,"href":"https:\/\/www.atassrl.it\/de\/wp-json\/wp\/v2\/product_tag?post=2862"}],"curies":[{"name":"wp","href":"https:\/\/api.w.org\/{rel}","templated":true}]}}