{"id":2878,"date":"2019-07-04T17:37:37","date_gmt":"2019-07-04T15:37:37","guid":{"rendered":"http:\/\/atas.devsrvr.net\/prodotto\/candivetro-2\/"},"modified":"2022-06-24T11:49:33","modified_gmt":"2022-06-24T09:49:33","slug":"candivetro-2","status":"publish","type":"product","link":"https:\/\/www.atassrl.it\/de\/produkt\/candivetro-2\/","title":{"rendered":"CANDIVETRO"},"content":{"rendered":"<p>Dieser gebrauchsfertige Glasreiniger mit angenehmem Duft beseitigt Smog, Nikotin, Fett, Insekten und M\u00fccken. Bei hoher Verdunstung hinterl\u00e4sst es kein Schillern. Auch f\u00fcr lackierte, emaillierte und Kristalloberfl\u00e4chen geeignet.<\/p>\n","protected":false},"excerpt":{"rendered":"<p>REINIGER F\u00dcR GLAS, SPIEGEL UND KRISTALLE<\/p>\n","protected":false},"featured_media":8141,"template":"","meta":{"_acf_changed":false,"_seopress_robots_primary_cat":"","_seopress_titles_title":"","_seopress_titles_desc":"","_seopress_robots_index":"","_seopress_analysis_target_kw":""},"product_brand":[],"product_cat":[185],"product_tag":[741],"class_list":{"0":"post-2878","1":"product","2":"type-product","3":"status-publish","4":"has-post-thumbnail","6":"product_cat-linea-atascar-de","7":"product_tag-ausenpflege","9":"first","10":"instock","11":"shipping-taxable","12":"product-type-variable"},"acf":[],"_links":{"self":[{"href":"https:\/\/www.atassrl.it\/de\/wp-json\/wp\/v2\/product\/2878","targetHints":{"allow":["GET"]}}],"collection":[{"href":"https:\/\/www.atassrl.it\/de\/wp-json\/wp\/v2\/product"}],"about":[{"href":"https:\/\/www.atassrl.it\/de\/wp-json\/wp\/v2\/types\/product"}],"wp:featuredmedia":[{"embeddable":true,"href":"https:\/\/www.atassrl.it\/de\/wp-json\/wp\/v2\/media\/8141"}],"wp:attachment":[{"href":"https:\/\/www.atassrl.it\/de\/wp-json\/wp\/v2\/media?parent=2878"}],"wp:term":[{"taxonomy":"product_brand","embeddable":true,"href":"https:\/\/www.atassrl.it\/de\/wp-json\/wp\/v2\/product_brand?post=2878"},{"taxonomy":"product_cat","embeddable":true,"href":"https:\/\/www.atassrl.it\/de\/wp-json\/wp\/v2\/product_cat?post=2878"},{"taxonomy":"product_tag","embeddable":true,"href":"https:\/\/www.atassrl.it\/de\/wp-json\/wp\/v2\/product_tag?post=2878"}],"curies":[{"name":"wp","href":"https:\/\/api.w.org\/{rel}","templated":true}]}}