{"id":2904,"date":"2019-07-04T17:45:22","date_gmt":"2019-07-04T15:45:22","guid":{"rendered":"http:\/\/atas.devsrvr.net\/prodotto\/candivetro-60\/"},"modified":"2022-07-04T09:36:59","modified_gmt":"2022-07-04T07:36:59","slug":"candivetro-60","status":"publish","type":"product","link":"https:\/\/www.atassrl.it\/de\/produkt\/candivetro-60\/","title":{"rendered":"CANDIVETRO -60"},"content":{"rendered":"<p>Frostschutzmittel zur Verwendung in der speziellen Autowanne, um die Bildung von Eis bis zu Temperaturen von -60 \u00b0C zu verhindern. Es beseitigt Smog-, Fett- und Schmutzr\u00fcckst\u00e4nde und hinterl\u00e4sst keine Streifen.<\/p>\n","protected":false},"excerpt":{"rendered":"<p>FROSTSCHUTZMITTEL -60\u00b0<\/p>\n","protected":false},"featured_media":8167,"template":"","meta":{"_acf_changed":false,"_seopress_robots_primary_cat":"","_seopress_titles_title":"","_seopress_titles_desc":"","_seopress_robots_index":"","_seopress_analysis_target_kw":""},"product_brand":[],"product_cat":[185],"product_tag":[741],"class_list":{"0":"post-2904","1":"product","2":"type-product","3":"status-publish","4":"has-post-thumbnail","6":"product_cat-linea-atascar-de","7":"product_tag-ausenpflege","9":"first","10":"instock","11":"shipping-taxable","12":"product-type-variable"},"acf":[],"_links":{"self":[{"href":"https:\/\/www.atassrl.it\/de\/wp-json\/wp\/v2\/product\/2904","targetHints":{"allow":["GET"]}}],"collection":[{"href":"https:\/\/www.atassrl.it\/de\/wp-json\/wp\/v2\/product"}],"about":[{"href":"https:\/\/www.atassrl.it\/de\/wp-json\/wp\/v2\/types\/product"}],"wp:featuredmedia":[{"embeddable":true,"href":"https:\/\/www.atassrl.it\/de\/wp-json\/wp\/v2\/media\/8167"}],"wp:attachment":[{"href":"https:\/\/www.atassrl.it\/de\/wp-json\/wp\/v2\/media?parent=2904"}],"wp:term":[{"taxonomy":"product_brand","embeddable":true,"href":"https:\/\/www.atassrl.it\/de\/wp-json\/wp\/v2\/product_brand?post=2904"},{"taxonomy":"product_cat","embeddable":true,"href":"https:\/\/www.atassrl.it\/de\/wp-json\/wp\/v2\/product_cat?post=2904"},{"taxonomy":"product_tag","embeddable":true,"href":"https:\/\/www.atassrl.it\/de\/wp-json\/wp\/v2\/product_tag?post=2904"}],"curies":[{"name":"wp","href":"https:\/\/api.w.org\/{rel}","templated":true}]}}