{"id":2913,"date":"2019-07-04T17:47:48","date_gmt":"2019-07-04T15:47:48","guid":{"rendered":"http:\/\/atas.devsrvr.net\/prodotto\/airclim\/"},"modified":"2022-06-30T16:38:42","modified_gmt":"2022-06-30T14:38:42","slug":"airclim","status":"publish","type":"product","link":"https:\/\/www.atassrl.it\/de\/produkt\/airclim\/","title":{"rendered":"AIRCLIM"},"content":{"rendered":"<p>Speziell entwickelt f\u00fcr die Hygiene des Fahrgastraums, der Klimaanlage und der L\u00fcftungsschlitze aller Fahrzeuge.<br \/>\nAntibakteriell, eliminiert Ger\u00fcche durch Mikroorganismen, Tiere, Rauch und Kondenswasser. Angenehm parf\u00fcmiert, eignet es sich auch f\u00fcr die Behandlung von Oberfl\u00e4chen, Umgebungen, Filtern usw. Ausgestattet mit einem Vollentleerungsventil. Befolgen Sie die Anweisungen auf der Verpackung.<\/p>\n","protected":false},"excerpt":{"rendered":"<p>HYGIENEMITTEL F\u00dcR AUTOINNEN UND -OBERFL\u00c4CHEN<\/p>\n","protected":false},"featured_media":8897,"template":"","meta":{"_acf_changed":false,"_seopress_robots_primary_cat":"","_seopress_titles_title":"","_seopress_titles_desc":"","_seopress_robots_index":"","_seopress_analysis_target_kw":""},"product_brand":[],"product_cat":[185],"product_tag":[],"class_list":{"0":"post-2913","1":"product","2":"type-product","3":"status-publish","4":"has-post-thumbnail","6":"product_cat-linea-atascar-de","8":"first","9":"instock","10":"shipping-taxable","11":"product-type-variable"},"acf":[],"_links":{"self":[{"href":"https:\/\/www.atassrl.it\/de\/wp-json\/wp\/v2\/product\/2913","targetHints":{"allow":["GET"]}}],"collection":[{"href":"https:\/\/www.atassrl.it\/de\/wp-json\/wp\/v2\/product"}],"about":[{"href":"https:\/\/www.atassrl.it\/de\/wp-json\/wp\/v2\/types\/product"}],"wp:featuredmedia":[{"embeddable":true,"href":"https:\/\/www.atassrl.it\/de\/wp-json\/wp\/v2\/media\/8897"}],"wp:attachment":[{"href":"https:\/\/www.atassrl.it\/de\/wp-json\/wp\/v2\/media?parent=2913"}],"wp:term":[{"taxonomy":"product_brand","embeddable":true,"href":"https:\/\/www.atassrl.it\/de\/wp-json\/wp\/v2\/product_brand?post=2913"},{"taxonomy":"product_cat","embeddable":true,"href":"https:\/\/www.atassrl.it\/de\/wp-json\/wp\/v2\/product_cat?post=2913"},{"taxonomy":"product_tag","embeddable":true,"href":"https:\/\/www.atassrl.it\/de\/wp-json\/wp\/v2\/product_tag?post=2913"}],"curies":[{"name":"wp","href":"https:\/\/api.w.org\/{rel}","templated":true}]}}