{"id":2916,"date":"2019-07-04T17:52:21","date_gmt":"2019-07-04T15:52:21","guid":{"rendered":"http:\/\/atas.devsrvr.net\/prodotto\/clim\/"},"modified":"2022-06-30T16:41:42","modified_gmt":"2022-06-30T14:41:42","slug":"clim","status":"publish","type":"product","link":"https:\/\/www.atassrl.it\/de\/produkt\/clim\/","title":{"rendered":"CLIM"},"content":{"rendered":"<p>Durch einen stark benetzenden Schaum reinigt und hygienisiert es Rohre und Komponenten der Klimaanlage von Fahrzeugen, Wohnungen und B\u00fcros vollst\u00e4ndig und verleiht der Umgebung hygienisch saubere und geruchsfreie Luft. Befolgen Sie f\u00fcr beste Ergebnisse sorgf\u00e4ltig die Anweisungen auf der Verpackung.<\/p>\n","protected":false},"excerpt":{"rendered":"<p>HYGIENISIERENDES REINIGUNGSMITTEL F\u00dcR KLIMAANLAGEN<\/p>\n","protected":false},"featured_media":8902,"template":"","meta":{"_acf_changed":false,"_seopress_robots_primary_cat":"","_seopress_titles_title":"","_seopress_titles_desc":"","_seopress_robots_index":"","_seopress_analysis_target_kw":""},"product_brand":[],"product_cat":[393,185],"product_tag":[],"class_list":{"0":"post-2916","1":"product","2":"type-product","3":"status-publish","4":"has-post-thumbnail","6":"product_cat-hygienisierungsmittel","7":"product_cat-linea-atascar-de","9":"first","10":"instock","11":"shipping-taxable","12":"product-type-simple"},"acf":[],"_links":{"self":[{"href":"https:\/\/www.atassrl.it\/de\/wp-json\/wp\/v2\/product\/2916","targetHints":{"allow":["GET"]}}],"collection":[{"href":"https:\/\/www.atassrl.it\/de\/wp-json\/wp\/v2\/product"}],"about":[{"href":"https:\/\/www.atassrl.it\/de\/wp-json\/wp\/v2\/types\/product"}],"wp:featuredmedia":[{"embeddable":true,"href":"https:\/\/www.atassrl.it\/de\/wp-json\/wp\/v2\/media\/8902"}],"wp:attachment":[{"href":"https:\/\/www.atassrl.it\/de\/wp-json\/wp\/v2\/media?parent=2916"}],"wp:term":[{"taxonomy":"product_brand","embeddable":true,"href":"https:\/\/www.atassrl.it\/de\/wp-json\/wp\/v2\/product_brand?post=2916"},{"taxonomy":"product_cat","embeddable":true,"href":"https:\/\/www.atassrl.it\/de\/wp-json\/wp\/v2\/product_cat?post=2916"},{"taxonomy":"product_tag","embeddable":true,"href":"https:\/\/www.atassrl.it\/de\/wp-json\/wp\/v2\/product_tag?post=2916"}],"curies":[{"name":"wp","href":"https:\/\/api.w.org\/{rel}","templated":true}]}}