{"id":2923,"date":"2019-07-04T17:57:29","date_gmt":"2019-07-04T15:57:29","guid":{"rendered":"http:\/\/atas.devsrvr.net\/prodotto\/autorad\/"},"modified":"2022-06-30T14:22:24","modified_gmt":"2022-06-30T12:22:24","slug":"autorad","status":"publish","type":"product","link":"https:\/\/www.atassrl.it\/de\/produkt\/autorad\/","title":{"rendered":"AUTORAD PURO\/-20\/-40"},"content":{"rendered":"<p>Produkt auf der Basis von Monoethylenglykol von unbestrittener Qualit\u00e4t mit organischen und weit verbreiteten Inhibitoren, es ist frost- und verdunstungshemmend, erzeugt keinen Schaum und verhindert die Bildung von Verkrustungen. Es enth\u00e4lt keine Amine und Nitrite, um die Umwelt zu schonen, und ist perfekt kompatibel mit allen Materialien, aus denen der K\u00fchlkreislauf besteht. Ganzj\u00e4hrig einsetzbar, ist es in den Farben blau, gr\u00fcn, gelb, rot und in verschiedenen Frostschutzgraden erh\u00e4ltlich.<\/p>\n","protected":false},"excerpt":{"rendered":"<p>FL\u00dcSSIGKEIT F\u00dcR VERSIEGELTE SCHALTKREISE<\/p>\n","protected":false},"featured_media":8580,"template":"","meta":{"_acf_changed":false,"_seopress_robots_primary_cat":"","_seopress_titles_title":"","_seopress_titles_desc":"","_seopress_robots_index":"","_seopress_analysis_target_kw":""},"product_brand":[],"product_cat":[185,837],"product_tag":[879],"class_list":{"0":"post-2923","1":"product","2":"type-product","3":"status-publish","4":"has-post-thumbnail","6":"product_cat-linea-atascar-de","7":"product_cat-winterprodukte","8":"product_tag-technische-produkte","10":"first","11":"instock","12":"shipping-taxable","13":"product-type-variable"},"acf":[],"_links":{"self":[{"href":"https:\/\/www.atassrl.it\/de\/wp-json\/wp\/v2\/product\/2923","targetHints":{"allow":["GET"]}}],"collection":[{"href":"https:\/\/www.atassrl.it\/de\/wp-json\/wp\/v2\/product"}],"about":[{"href":"https:\/\/www.atassrl.it\/de\/wp-json\/wp\/v2\/types\/product"}],"wp:featuredmedia":[{"embeddable":true,"href":"https:\/\/www.atassrl.it\/de\/wp-json\/wp\/v2\/media\/8580"}],"wp:attachment":[{"href":"https:\/\/www.atassrl.it\/de\/wp-json\/wp\/v2\/media?parent=2923"}],"wp:term":[{"taxonomy":"product_brand","embeddable":true,"href":"https:\/\/www.atassrl.it\/de\/wp-json\/wp\/v2\/product_brand?post=2923"},{"taxonomy":"product_cat","embeddable":true,"href":"https:\/\/www.atassrl.it\/de\/wp-json\/wp\/v2\/product_cat?post=2923"},{"taxonomy":"product_tag","embeddable":true,"href":"https:\/\/www.atassrl.it\/de\/wp-json\/wp\/v2\/product_tag?post=2923"}],"curies":[{"name":"wp","href":"https:\/\/api.w.org\/{rel}","templated":true}]}}