{"id":2934,"date":"2019-07-04T20:51:36","date_gmt":"2019-07-04T18:51:36","guid":{"rendered":"http:\/\/atas.devsrvr.net\/prodotto\/tecnoclim-rw\/"},"modified":"2022-06-30T14:25:32","modified_gmt":"2022-06-30T12:25:32","slug":"tecnoclim-rw","status":"publish","type":"product","link":"https:\/\/www.atassrl.it\/de\/produkt\/tecnoclim-rw\/","title":{"rendered":"TECNOCLIM RW"},"content":{"rendered":"<p>Konzentriertes Produkt in roter Farbe, enth\u00e4lt spezielle Korrosionshemmer &#8211; G12 &#8211; zum Schutz des K\u00fchlkreislaufs und insbesondere der Alumi- niumteile. Es wirkt als Verdunstungsschutz und Entkalker, sch\u00e4umt nicht und bietet verd\u00fcnnt auf 50 Volumenprozent Frostschutz bis -38\u00b0C. Verf\u00fcgbar PURO und -40 Fassung.<\/p>\n","protected":false},"excerpt":{"rendered":"<p>K\u00dcHLERFROSTSCHUTZMITTEL<\/p>\n","protected":false},"featured_media":8601,"template":"","meta":{"_acf_changed":false,"_seopress_robots_primary_cat":"","_seopress_titles_title":"","_seopress_titles_desc":"","_seopress_robots_index":"","_seopress_analysis_target_kw":""},"product_brand":[],"product_cat":[185],"product_tag":[],"class_list":{"0":"post-2934","1":"product","2":"type-product","3":"status-publish","4":"has-post-thumbnail","6":"product_cat-linea-atascar-de","8":"first","9":"instock","10":"shipping-taxable","11":"product-type-variable"},"acf":[],"_links":{"self":[{"href":"https:\/\/www.atassrl.it\/de\/wp-json\/wp\/v2\/product\/2934","targetHints":{"allow":["GET"]}}],"collection":[{"href":"https:\/\/www.atassrl.it\/de\/wp-json\/wp\/v2\/product"}],"about":[{"href":"https:\/\/www.atassrl.it\/de\/wp-json\/wp\/v2\/types\/product"}],"wp:featuredmedia":[{"embeddable":true,"href":"https:\/\/www.atassrl.it\/de\/wp-json\/wp\/v2\/media\/8601"}],"wp:attachment":[{"href":"https:\/\/www.atassrl.it\/de\/wp-json\/wp\/v2\/media?parent=2934"}],"wp:term":[{"taxonomy":"product_brand","embeddable":true,"href":"https:\/\/www.atassrl.it\/de\/wp-json\/wp\/v2\/product_brand?post=2934"},{"taxonomy":"product_cat","embeddable":true,"href":"https:\/\/www.atassrl.it\/de\/wp-json\/wp\/v2\/product_cat?post=2934"},{"taxonomy":"product_tag","embeddable":true,"href":"https:\/\/www.atassrl.it\/de\/wp-json\/wp\/v2\/product_tag?post=2934"}],"curies":[{"name":"wp","href":"https:\/\/api.w.org\/{rel}","templated":true}]}}