{"id":2937,"date":"2019-07-04T20:56:23","date_gmt":"2019-07-04T18:56:23","guid":{"rendered":"http:\/\/atas.devsrvr.net\/prodotto\/detercetani\/"},"modified":"2022-06-30T14:16:33","modified_gmt":"2022-06-30T12:16:33","slug":"detercetani","status":"publish","type":"product","link":"https:\/\/www.atassrl.it\/de\/produkt\/detercetani\/","title":{"rendered":"DETERCETANI"},"content":{"rendered":"<p>Es verbessert die Zerst\u00e4ubung der Einspritzd\u00fcsen durch Optimierung der Verbrennung, reduziert Abgase, wirkt der Bildung von Partikeln entgegen, die sich auf dem Partikelfilter (FAP) ablagern w\u00fcrden, und sichert so dessen Lebensdauer.<br \/>\nEs entfernt alle R\u00fcckst\u00e4nde aus der Brennkammer und h\u00e4lt sie sauber und effizient. Es erh\u00f6ht die Anzahl der Cetane, reguliert die Verbrennung und beseitigt Vorz\u00fcndungsph\u00e4nomene, wodurch die Motorleistung und -leistung verbessert werden. Es verhindert Schlammbildung, senkt den Verbrauch, erleichtert Kaltstarts und d\u00e4mpft Ger\u00e4usche.<br \/>\nMit hoher Schmierkraft verbessert es die Leistung von Kraftstoffen.<\/p>\n","protected":false},"excerpt":{"rendered":"<p>REINIGER F\u00dcR DIESELMOTOR-ZUFUHRSYSTEM<\/p>\n","protected":false},"featured_media":8549,"template":"","meta":{"_acf_changed":false,"_seopress_robots_primary_cat":"","_seopress_titles_title":"","_seopress_titles_desc":"","_seopress_robots_index":"","_seopress_analysis_target_kw":""},"product_brand":[],"product_cat":[185,721],"product_tag":[],"class_list":{"0":"post-2937","1":"product","2":"type-product","3":"status-publish","4":"has-post-thumbnail","6":"product_cat-linea-atascar-de","7":"product_cat-motoradditive","9":"first","10":"instock","11":"shipping-taxable","12":"product-type-simple"},"acf":[],"_links":{"self":[{"href":"https:\/\/www.atassrl.it\/de\/wp-json\/wp\/v2\/product\/2937","targetHints":{"allow":["GET"]}}],"collection":[{"href":"https:\/\/www.atassrl.it\/de\/wp-json\/wp\/v2\/product"}],"about":[{"href":"https:\/\/www.atassrl.it\/de\/wp-json\/wp\/v2\/types\/product"}],"wp:featuredmedia":[{"embeddable":true,"href":"https:\/\/www.atassrl.it\/de\/wp-json\/wp\/v2\/media\/8549"}],"wp:attachment":[{"href":"https:\/\/www.atassrl.it\/de\/wp-json\/wp\/v2\/media?parent=2937"}],"wp:term":[{"taxonomy":"product_brand","embeddable":true,"href":"https:\/\/www.atassrl.it\/de\/wp-json\/wp\/v2\/product_brand?post=2937"},{"taxonomy":"product_cat","embeddable":true,"href":"https:\/\/www.atassrl.it\/de\/wp-json\/wp\/v2\/product_cat?post=2937"},{"taxonomy":"product_tag","embeddable":true,"href":"https:\/\/www.atassrl.it\/de\/wp-json\/wp\/v2\/product_tag?post=2937"}],"curies":[{"name":"wp","href":"https:\/\/api.w.org\/{rel}","templated":true}]}}