{"id":2940,"date":"2019-07-04T21:00:05","date_gmt":"2019-07-04T19:00:05","guid":{"rendered":"http:\/\/atas.devsrvr.net\/prodotto\/favorac\/"},"modified":"2022-06-30T14:12:13","modified_gmt":"2022-06-30T12:12:13","slug":"favorac","status":"publish","type":"product","link":"https:\/\/www.atassrl.it\/de\/produkt\/favorac\/","title":{"rendered":"FAVORAC"},"content":{"rendered":"<p>Es erleichtert das Starten von Benzin-, Diesel- und Gasmotoren in der kalten Jahreszeit oder nach l\u00e4ngeren Standzeiten. Es wird \u00fcber den Luftfilter in kleinen Dosen direkt auf den Vergaser gespr\u00fcht.<\/p>\n<p>&nbsp;<\/p>\n","protected":false},"excerpt":{"rendered":"<p>Z\u00dcNDBESCHLEUNIGER<\/p>\n","protected":false},"featured_media":8534,"template":"","meta":{"_acf_changed":false,"_seopress_robots_primary_cat":"","_seopress_titles_title":"","_seopress_titles_desc":"","_seopress_robots_index":"","_seopress_analysis_target_kw":""},"product_brand":[],"product_cat":[185,200,837],"product_tag":[879],"class_list":{"0":"post-2940","1":"product","2":"type-product","3":"status-publish","4":"has-post-thumbnail","6":"product_cat-linea-atascar-de","7":"product_cat-wintermittel-und-additive","8":"product_cat-winterprodukte","9":"product_tag-technische-produkte","11":"first","12":"instock","13":"shipping-taxable","14":"product-type-simple"},"acf":[],"_links":{"self":[{"href":"https:\/\/www.atassrl.it\/de\/wp-json\/wp\/v2\/product\/2940","targetHints":{"allow":["GET"]}}],"collection":[{"href":"https:\/\/www.atassrl.it\/de\/wp-json\/wp\/v2\/product"}],"about":[{"href":"https:\/\/www.atassrl.it\/de\/wp-json\/wp\/v2\/types\/product"}],"wp:featuredmedia":[{"embeddable":true,"href":"https:\/\/www.atassrl.it\/de\/wp-json\/wp\/v2\/media\/8534"}],"wp:attachment":[{"href":"https:\/\/www.atassrl.it\/de\/wp-json\/wp\/v2\/media?parent=2940"}],"wp:term":[{"taxonomy":"product_brand","embeddable":true,"href":"https:\/\/www.atassrl.it\/de\/wp-json\/wp\/v2\/product_brand?post=2940"},{"taxonomy":"product_cat","embeddable":true,"href":"https:\/\/www.atassrl.it\/de\/wp-json\/wp\/v2\/product_cat?post=2940"},{"taxonomy":"product_tag","embeddable":true,"href":"https:\/\/www.atassrl.it\/de\/wp-json\/wp\/v2\/product_tag?post=2940"}],"curies":[{"name":"wp","href":"https:\/\/api.w.org\/{rel}","templated":true}]}}