{"id":2952,"date":"2019-07-04T21:08:21","date_gmt":"2019-07-04T19:08:21","guid":{"rendered":"http:\/\/atas.devsrvr.net\/prodotto\/dinc\/"},"modified":"2022-06-30T14:20:28","modified_gmt":"2022-06-30T12:20:28","slug":"dinc","status":"publish","type":"product","link":"https:\/\/www.atassrl.it\/de\/produkt\/dinc\/","title":{"rendered":"DINC"},"content":{"rendered":"<p>Es verhindert und beseitigt die Bildung von Schlamm und Verkrustungen im Kraftstoffsystem und erh\u00f6ht so die Motorleistung.<br \/>\nEs optimiert den Kraftstoffverbrauch durch Reduzierung der Abgase. Gleichzeitig reinigt, schmiert und sch\u00fctzt es sowohl die Einlassventile als auch den Brennraum. Es eignet sich auch zum Sauberhalten von Vergasern.<br \/>\nEs besch\u00e4digt die Schalld\u00e4mpfer nicht, da es keine Metallsalze enth\u00e4lt. Wiederholen Sie die Behandlung alle 1500 km, indem Sie das Produkt vor dem Tanken in den Tank gie\u00dfen.<\/p>\n","protected":false},"excerpt":{"rendered":"<p>LEISTUNGSVERBESSERER F\u00dcR BENZINMOTOREN UND INJEKTOR-REINIGER<\/p>\n","protected":false},"featured_media":8554,"template":"","meta":{"_acf_changed":false,"_seopress_robots_primary_cat":"","_seopress_titles_title":"","_seopress_titles_desc":"","_seopress_robots_index":"","_seopress_analysis_target_kw":""},"product_brand":[],"product_cat":[185,721],"product_tag":[],"class_list":{"0":"post-2952","1":"product","2":"type-product","3":"status-publish","4":"has-post-thumbnail","6":"product_cat-linea-atascar-de","7":"product_cat-motoradditive","9":"first","10":"instock","11":"shipping-taxable","12":"product-type-simple"},"acf":[],"_links":{"self":[{"href":"https:\/\/www.atassrl.it\/de\/wp-json\/wp\/v2\/product\/2952","targetHints":{"allow":["GET"]}}],"collection":[{"href":"https:\/\/www.atassrl.it\/de\/wp-json\/wp\/v2\/product"}],"about":[{"href":"https:\/\/www.atassrl.it\/de\/wp-json\/wp\/v2\/types\/product"}],"wp:featuredmedia":[{"embeddable":true,"href":"https:\/\/www.atassrl.it\/de\/wp-json\/wp\/v2\/media\/8554"}],"wp:attachment":[{"href":"https:\/\/www.atassrl.it\/de\/wp-json\/wp\/v2\/media?parent=2952"}],"wp:term":[{"taxonomy":"product_brand","embeddable":true,"href":"https:\/\/www.atassrl.it\/de\/wp-json\/wp\/v2\/product_brand?post=2952"},{"taxonomy":"product_cat","embeddable":true,"href":"https:\/\/www.atassrl.it\/de\/wp-json\/wp\/v2\/product_cat?post=2952"},{"taxonomy":"product_tag","embeddable":true,"href":"https:\/\/www.atassrl.it\/de\/wp-json\/wp\/v2\/product_tag?post=2952"}],"curies":[{"name":"wp","href":"https:\/\/api.w.org\/{rel}","templated":true}]}}