{"id":2967,"date":"2019-07-04T21:16:42","date_gmt":"2019-07-04T19:16:42","guid":{"rendered":"http:\/\/atas.devsrvr.net\/prodotto\/isol\/"},"modified":"2022-06-30T14:50:28","modified_gmt":"2022-06-30T12:50:28","slug":"isol","status":"publish","type":"product","link":"https:\/\/www.atassrl.it\/de\/produkt\/isol\/","title":{"rendered":"ISOL"},"content":{"rendered":"<p>Wenn es auf Spule, Verteiler, Kappe und Z\u00fcndkerzen aufgetragen wird, entfernt es Feuchtigkeit und stellt die elektrische Leitf\u00e4higkeit wieder her. Es sch\u00fctzt die Kontakte vor Salz, Oxidation, S\u00e4uren und Laugen. Auf saubere Oberfl\u00e4chen auftragen.<\/p>\n","protected":false},"excerpt":{"rendered":"<p>SCHUTZMITTEL F\u00dcR ELEKTRISCHE TEILE<\/p>\n","protected":false},"featured_media":8692,"template":"","meta":{"_acf_changed":false,"_seopress_robots_primary_cat":"","_seopress_titles_title":"","_seopress_titles_desc":"","_seopress_robots_index":"","_seopress_analysis_target_kw":""},"product_brand":[],"product_cat":[185,837],"product_tag":[879],"class_list":{"0":"post-2967","1":"product","2":"type-product","3":"status-publish","4":"has-post-thumbnail","6":"product_cat-linea-atascar-de","7":"product_cat-winterprodukte","8":"product_tag-technische-produkte","10":"first","11":"instock","12":"shipping-taxable","13":"product-type-simple"},"acf":[],"_links":{"self":[{"href":"https:\/\/www.atassrl.it\/de\/wp-json\/wp\/v2\/product\/2967","targetHints":{"allow":["GET"]}}],"collection":[{"href":"https:\/\/www.atassrl.it\/de\/wp-json\/wp\/v2\/product"}],"about":[{"href":"https:\/\/www.atassrl.it\/de\/wp-json\/wp\/v2\/types\/product"}],"wp:featuredmedia":[{"embeddable":true,"href":"https:\/\/www.atassrl.it\/de\/wp-json\/wp\/v2\/media\/8692"}],"wp:attachment":[{"href":"https:\/\/www.atassrl.it\/de\/wp-json\/wp\/v2\/media?parent=2967"}],"wp:term":[{"taxonomy":"product_brand","embeddable":true,"href":"https:\/\/www.atassrl.it\/de\/wp-json\/wp\/v2\/product_brand?post=2967"},{"taxonomy":"product_cat","embeddable":true,"href":"https:\/\/www.atassrl.it\/de\/wp-json\/wp\/v2\/product_cat?post=2967"},{"taxonomy":"product_tag","embeddable":true,"href":"https:\/\/www.atassrl.it\/de\/wp-json\/wp\/v2\/product_tag?post=2967"}],"curies":[{"name":"wp","href":"https:\/\/api.w.org\/{rel}","templated":true}]}}