{"id":2975,"date":"2019-07-04T21:26:55","date_gmt":"2019-07-04T19:26:55","guid":{"rendered":"http:\/\/atas.devsrvr.net\/prodotto\/autobella\/"},"modified":"2022-06-30T17:31:08","modified_gmt":"2022-06-30T15:31:08","slug":"autobella","status":"publish","type":"product","link":"https:\/\/www.atassrl.it\/de\/produkt\/autobella\/","title":{"rendered":"AUTOBELLA"},"content":{"rendered":"<p>Hochkonzentrierte Schaumformulierung mit neutralem pH-Wert; Es reinigt und entfettet jede Art von Lack ohne R\u00fcckst\u00e4nde zu hinterlassen. Es l\u00e4sst sich leicht absp\u00fclen, widersteht hartem Wasser und verleiht den behandelten Oberfl\u00e4chen einen besonderen Glanz.<\/p>\n","protected":false},"excerpt":{"rendered":"<p>AUTOSHAMPOO<\/p>\n","protected":false},"featured_media":8998,"template":"","meta":{"_acf_changed":false,"_seopress_robots_primary_cat":"","_seopress_titles_title":"","_seopress_titles_desc":"","_seopress_robots_index":"","_seopress_analysis_target_kw":""},"product_brand":[],"product_cat":[723,185],"product_tag":[],"class_list":{"0":"post-2975","1":"product","2":"type-product","3":"status-publish","4":"has-post-thumbnail","6":"product_cat-ausenreiniger","7":"product_cat-linea-atascar-de","9":"first","10":"instock","11":"shipping-taxable","12":"product-type-variable"},"acf":[],"_links":{"self":[{"href":"https:\/\/www.atassrl.it\/de\/wp-json\/wp\/v2\/product\/2975","targetHints":{"allow":["GET"]}}],"collection":[{"href":"https:\/\/www.atassrl.it\/de\/wp-json\/wp\/v2\/product"}],"about":[{"href":"https:\/\/www.atassrl.it\/de\/wp-json\/wp\/v2\/types\/product"}],"wp:featuredmedia":[{"embeddable":true,"href":"https:\/\/www.atassrl.it\/de\/wp-json\/wp\/v2\/media\/8998"}],"wp:attachment":[{"href":"https:\/\/www.atassrl.it\/de\/wp-json\/wp\/v2\/media?parent=2975"}],"wp:term":[{"taxonomy":"product_brand","embeddable":true,"href":"https:\/\/www.atassrl.it\/de\/wp-json\/wp\/v2\/product_brand?post=2975"},{"taxonomy":"product_cat","embeddable":true,"href":"https:\/\/www.atassrl.it\/de\/wp-json\/wp\/v2\/product_cat?post=2975"},{"taxonomy":"product_tag","embeddable":true,"href":"https:\/\/www.atassrl.it\/de\/wp-json\/wp\/v2\/product_tag?post=2975"}],"curies":[{"name":"wp","href":"https:\/\/api.w.org\/{rel}","templated":true}]}}