{"id":2984,"date":"2019-07-04T21:31:12","date_gmt":"2019-07-04T19:31:12","guid":{"rendered":"http:\/\/atas.devsrvr.net\/prodotto\/autobella-lavaincera\/"},"modified":"2022-06-30T17:32:13","modified_gmt":"2022-06-30T15:32:13","slug":"autobella-lavaincera","status":"publish","type":"product","link":"https:\/\/www.atassrl.it\/de\/produkt\/autobella-lavaincera\/","title":{"rendered":"AUTOBELLA LAVAINCERA"},"content":{"rendered":"<p>Manuelles Reinigungsmittel wirksam gegen fettigen Schmutz und Insektenr\u00fcckst\u00e4nde. Schonend f\u00fcr Lacke, leicht absp\u00fclbar und mit entw\u00e4ssernder Wirkung, erleichtert es den Trocknungsvorgang und hinterl\u00e4sst gl\u00e4nzende und gesch\u00fctzte Oberfl\u00e4chen.<\/p>\n","protected":false},"excerpt":{"rendered":"<p>SELBSTROCKNENDES SHAMPOO<\/p>\n","protected":false},"featured_media":9003,"template":"","meta":{"_acf_changed":false,"_seopress_robots_primary_cat":"","_seopress_titles_title":"","_seopress_titles_desc":"","_seopress_robots_index":"","_seopress_analysis_target_kw":""},"product_brand":[],"product_cat":[723,185],"product_tag":[],"class_list":{"0":"post-2984","1":"product","2":"type-product","3":"status-publish","4":"has-post-thumbnail","6":"product_cat-ausenreiniger","7":"product_cat-linea-atascar-de","9":"first","10":"instock","11":"shipping-taxable","12":"product-type-variable"},"acf":[],"_links":{"self":[{"href":"https:\/\/www.atassrl.it\/de\/wp-json\/wp\/v2\/product\/2984","targetHints":{"allow":["GET"]}}],"collection":[{"href":"https:\/\/www.atassrl.it\/de\/wp-json\/wp\/v2\/product"}],"about":[{"href":"https:\/\/www.atassrl.it\/de\/wp-json\/wp\/v2\/types\/product"}],"wp:featuredmedia":[{"embeddable":true,"href":"https:\/\/www.atassrl.it\/de\/wp-json\/wp\/v2\/media\/9003"}],"wp:attachment":[{"href":"https:\/\/www.atassrl.it\/de\/wp-json\/wp\/v2\/media?parent=2984"}],"wp:term":[{"taxonomy":"product_brand","embeddable":true,"href":"https:\/\/www.atassrl.it\/de\/wp-json\/wp\/v2\/product_brand?post=2984"},{"taxonomy":"product_cat","embeddable":true,"href":"https:\/\/www.atassrl.it\/de\/wp-json\/wp\/v2\/product_cat?post=2984"},{"taxonomy":"product_tag","embeddable":true,"href":"https:\/\/www.atassrl.it\/de\/wp-json\/wp\/v2\/product_tag?post=2984"}],"curies":[{"name":"wp","href":"https:\/\/api.w.org\/{rel}","templated":true}]}}