{"id":2991,"date":"2019-07-04T21:34:44","date_gmt":"2019-07-04T19:34:44","guid":{"rendered":"http:\/\/atas.devsrvr.net\/prodotto\/forclean\/"},"modified":"2022-06-30T14:42:07","modified_gmt":"2022-06-30T12:42:07","slug":"forclean","status":"publish","type":"product","link":"https:\/\/www.atassrl.it\/de\/produkt\/forclean\/","title":{"rendered":"FORCLEAN"},"content":{"rendered":"<p>Geruchloses w\u00e4ssriges Reinigungsmittel, das fettigen Schmutz entfernt und Oberfl\u00e4chen sauber, gl\u00e4nzend und ohne R\u00fcckst\u00e4nde hinterl\u00e4sst. Es greift Kunststoffe, Gummis, Chrom nicht an und hinterl\u00e4sst keine Flecken.<\/p>\n","protected":false},"excerpt":{"rendered":"<p>ENTFETTER F\u00dcR MECHANISCHE TEILE<\/p>\n","protected":false},"featured_media":8656,"template":"","meta":{"_acf_changed":false,"_seopress_robots_primary_cat":"","_seopress_titles_title":"","_seopress_titles_desc":"","_seopress_robots_index":"","_seopress_analysis_target_kw":""},"product_brand":[],"product_cat":[723,185],"product_tag":[],"class_list":{"0":"post-2991","1":"product","2":"type-product","3":"status-publish","4":"has-post-thumbnail","6":"product_cat-ausenreiniger","7":"product_cat-linea-atascar-de","9":"first","10":"instock","11":"shipping-taxable","12":"product-type-variable"},"acf":[],"_links":{"self":[{"href":"https:\/\/www.atassrl.it\/de\/wp-json\/wp\/v2\/product\/2991","targetHints":{"allow":["GET"]}}],"collection":[{"href":"https:\/\/www.atassrl.it\/de\/wp-json\/wp\/v2\/product"}],"about":[{"href":"https:\/\/www.atassrl.it\/de\/wp-json\/wp\/v2\/types\/product"}],"wp:featuredmedia":[{"embeddable":true,"href":"https:\/\/www.atassrl.it\/de\/wp-json\/wp\/v2\/media\/8656"}],"wp:attachment":[{"href":"https:\/\/www.atassrl.it\/de\/wp-json\/wp\/v2\/media?parent=2991"}],"wp:term":[{"taxonomy":"product_brand","embeddable":true,"href":"https:\/\/www.atassrl.it\/de\/wp-json\/wp\/v2\/product_brand?post=2991"},{"taxonomy":"product_cat","embeddable":true,"href":"https:\/\/www.atassrl.it\/de\/wp-json\/wp\/v2\/product_cat?post=2991"},{"taxonomy":"product_tag","embeddable":true,"href":"https:\/\/www.atassrl.it\/de\/wp-json\/wp\/v2\/product_tag?post=2991"}],"curies":[{"name":"wp","href":"https:\/\/api.w.org\/{rel}","templated":true}]}}