{"id":2994,"date":"2019-07-04T21:43:57","date_gmt":"2019-07-04T19:43:57","guid":{"rendered":"http:\/\/atas.devsrvr.net\/prodotto\/derwax\/"},"modified":"2022-06-24T10:10:03","modified_gmt":"2022-06-24T08:10:03","slug":"derwax","status":"publish","type":"product","link":"https:\/\/www.atassrl.it\/de\/produkt\/derwax\/","title":{"rendered":"DERWAX"},"content":{"rendered":"<p>Professionelles Produkt, reich an Polymeren, f\u00fcr ein ultragl\u00e4nzendes Finish des Lacks und der \u00e4u\u00dferen Kunststoffteile. Es gew\u00e4hrleistet auch einen hohen und langanhaltenden Schutz vor Witterungseinfl\u00fcssen und eine hervorragende wasserabweisende Wirkung. Angenehm duftend hinterl\u00e4sst es keine Schlieren oder R\u00fcckst\u00e4nde. Es kann auch verwendet werden, um die manuelle Autotrocknung zu erleichtern.<\/p>\n","protected":false},"excerpt":{"rendered":"<p>FL\u00dcSSIGE AUFHELLENDE POLITUR<\/p>\n","protected":false},"featured_media":8047,"template":"","meta":{"_acf_changed":false,"_seopress_robots_primary_cat":"","_seopress_titles_title":"","_seopress_titles_desc":"","_seopress_robots_index":"","_seopress_analysis_target_kw":""},"product_brand":[],"product_cat":[185],"product_tag":[739],"class_list":{"0":"post-2994","1":"product","2":"type-product","3":"status-publish","4":"has-post-thumbnail","6":"product_cat-linea-atascar-de","7":"product_tag-wachse-und-schutz","9":"first","10":"instock","11":"shipping-taxable","12":"product-type-simple"},"acf":[],"_links":{"self":[{"href":"https:\/\/www.atassrl.it\/de\/wp-json\/wp\/v2\/product\/2994","targetHints":{"allow":["GET"]}}],"collection":[{"href":"https:\/\/www.atassrl.it\/de\/wp-json\/wp\/v2\/product"}],"about":[{"href":"https:\/\/www.atassrl.it\/de\/wp-json\/wp\/v2\/types\/product"}],"wp:featuredmedia":[{"embeddable":true,"href":"https:\/\/www.atassrl.it\/de\/wp-json\/wp\/v2\/media\/8047"}],"wp:attachment":[{"href":"https:\/\/www.atassrl.it\/de\/wp-json\/wp\/v2\/media?parent=2994"}],"wp:term":[{"taxonomy":"product_brand","embeddable":true,"href":"https:\/\/www.atassrl.it\/de\/wp-json\/wp\/v2\/product_brand?post=2994"},{"taxonomy":"product_cat","embeddable":true,"href":"https:\/\/www.atassrl.it\/de\/wp-json\/wp\/v2\/product_cat?post=2994"},{"taxonomy":"product_tag","embeddable":true,"href":"https:\/\/www.atassrl.it\/de\/wp-json\/wp\/v2\/product_tag?post=2994"}],"curies":[{"name":"wp","href":"https:\/\/api.w.org\/{rel}","templated":true}]}}