{"id":2997,"date":"2019-07-04T21:47:06","date_gmt":"2019-07-04T19:47:06","guid":{"rendered":"http:\/\/atas.devsrvr.net\/prodotto\/resinol\/"},"modified":"2022-06-30T15:04:05","modified_gmt":"2022-06-30T13:04:05","slug":"resinol","status":"publish","type":"product","link":"https:\/\/www.atassrl.it\/de\/produkt\/resinol\/","title":{"rendered":"RESINOL"},"content":{"rendered":"<p>Speziell entwickelt, um Kiefern- und Nadelharzr\u00fcckst\u00e4nde schnell von Glas und Farben zu entfernen, ohne die behandelten Teile zu ver\u00e4ndern. Ohne zu dr\u00fccken auf die Karosserie auftragen.<\/p>\n","protected":false},"excerpt":{"rendered":"<p>HARZENTFERNER<\/p>\n","protected":false},"featured_media":8737,"template":"","meta":{"_acf_changed":false,"_seopress_robots_primary_cat":"","_seopress_titles_title":"","_seopress_titles_desc":"","_seopress_robots_index":"","_seopress_analysis_target_kw":""},"product_brand":[],"product_cat":[723,185],"product_tag":[743],"class_list":{"0":"post-2997","1":"product","2":"type-product","3":"status-publish","4":"has-post-thumbnail","6":"product_cat-ausenreiniger","7":"product_cat-linea-atascar-de","8":"product_tag-dekontaminierung","10":"first","11":"instock","12":"shipping-taxable","13":"product-type-simple"},"acf":[],"_links":{"self":[{"href":"https:\/\/www.atassrl.it\/de\/wp-json\/wp\/v2\/product\/2997","targetHints":{"allow":["GET"]}}],"collection":[{"href":"https:\/\/www.atassrl.it\/de\/wp-json\/wp\/v2\/product"}],"about":[{"href":"https:\/\/www.atassrl.it\/de\/wp-json\/wp\/v2\/types\/product"}],"wp:featuredmedia":[{"embeddable":true,"href":"https:\/\/www.atassrl.it\/de\/wp-json\/wp\/v2\/media\/8737"}],"wp:attachment":[{"href":"https:\/\/www.atassrl.it\/de\/wp-json\/wp\/v2\/media?parent=2997"}],"wp:term":[{"taxonomy":"product_brand","embeddable":true,"href":"https:\/\/www.atassrl.it\/de\/wp-json\/wp\/v2\/product_brand?post=2997"},{"taxonomy":"product_cat","embeddable":true,"href":"https:\/\/www.atassrl.it\/de\/wp-json\/wp\/v2\/product_cat?post=2997"},{"taxonomy":"product_tag","embeddable":true,"href":"https:\/\/www.atassrl.it\/de\/wp-json\/wp\/v2\/product_tag?post=2997"}],"curies":[{"name":"wp","href":"https:\/\/api.w.org\/{rel}","templated":true}]}}