{"id":3000,"date":"2019-07-04T21:49:44","date_gmt":"2019-07-04T19:49:44","guid":{"rendered":"http:\/\/atas.devsrvr.net\/prodotto\/carel\/"},"modified":"2019-07-04T21:49:44","modified_gmt":"2019-07-04T19:49:44","slug":"carel","status":"publish","type":"product","link":"https:\/\/www.atassrl.it\/de\/produkt\/carel\/","title":{"rendered":"CAREL"},"content":{"rendered":"<p>Beseitigt leicht Smogschutz, Ru\u00df und Insekten und hinterl\u00e4sst die Oberfl\u00e4che sauber und gl\u00e4nzend. Wenn es am inneren Teil des Visieres verwendet wird, f\u00fchrt es eine g\u00fcltige Antibeschlagwirkung aus. Mit desinfizierender Wirkung auf die Innenpolsterung.<\/p>\n","protected":false},"excerpt":{"rendered":"<p><strong>\u00a0REINIGT UND DESINFIZIERT HELME<\/strong><\/p>\n","protected":false},"featured_media":2466,"template":"","meta":{"_acf_changed":false,"_seopress_robots_primary_cat":"","_seopress_titles_title":"","_seopress_titles_desc":"","_seopress_robots_index":"","_seopress_analysis_target_kw":""},"product_brand":[],"product_cat":[218],"product_tag":[],"class_list":{"0":"post-3000","1":"product","2":"type-product","3":"status-publish","4":"has-post-thumbnail","6":"product_cat-motorrader-und-fahrrader","8":"first","9":"instock","10":"shipping-taxable","11":"product-type-simple"},"acf":[],"_links":{"self":[{"href":"https:\/\/www.atassrl.it\/de\/wp-json\/wp\/v2\/product\/3000","targetHints":{"allow":["GET"]}}],"collection":[{"href":"https:\/\/www.atassrl.it\/de\/wp-json\/wp\/v2\/product"}],"about":[{"href":"https:\/\/www.atassrl.it\/de\/wp-json\/wp\/v2\/types\/product"}],"wp:featuredmedia":[{"embeddable":true,"href":"https:\/\/www.atassrl.it\/de\/wp-json\/wp\/v2\/media\/2466"}],"wp:attachment":[{"href":"https:\/\/www.atassrl.it\/de\/wp-json\/wp\/v2\/media?parent=3000"}],"wp:term":[{"taxonomy":"product_brand","embeddable":true,"href":"https:\/\/www.atassrl.it\/de\/wp-json\/wp\/v2\/product_brand?post=3000"},{"taxonomy":"product_cat","embeddable":true,"href":"https:\/\/www.atassrl.it\/de\/wp-json\/wp\/v2\/product_cat?post=3000"},{"taxonomy":"product_tag","embeddable":true,"href":"https:\/\/www.atassrl.it\/de\/wp-json\/wp\/v2\/product_tag?post=3000"}],"curies":[{"name":"wp","href":"https:\/\/api.w.org\/{rel}","templated":true}]}}