{"id":3003,"date":"2019-07-04T21:52:26","date_gmt":"2019-07-04T19:52:26","guid":{"rendered":"http:\/\/atas.devsrvr.net\/prodotto\/lacer\/"},"modified":"2022-06-30T10:55:00","modified_gmt":"2022-06-30T08:55:00","slug":"lacer","status":"publish","type":"product","link":"https:\/\/www.atassrl.it\/de\/produkt\/lacer\/","title":{"rendered":"LACER"},"content":{"rendered":"<p>Alkalischer Reiniger, der f\u00fcr alle Arten von Autofelgen verwendet werden kann, sogar f\u00fcr lackierte. Die enthaltenen Tenside beseitigen effektiv und schnell \u00f6lige R\u00fcckst\u00e4nde, Oxide und Bremsstaub.<\/p>\n","protected":false},"excerpt":{"rendered":"<p>FELGENWASCHMITTEL<\/p>\n","protected":false},"featured_media":8211,"template":"","meta":{"_acf_changed":false,"_seopress_robots_primary_cat":"","_seopress_titles_title":"","_seopress_titles_desc":"","_seopress_robots_index":"","_seopress_analysis_target_kw":""},"product_brand":[],"product_cat":[185,729],"product_tag":[],"class_list":{"0":"post-3003","1":"product","2":"type-product","3":"status-publish","4":"has-post-thumbnail","6":"product_cat-linea-atascar-de","7":"product_cat-reifen-und-rader","9":"first","10":"instock","11":"shipping-taxable","12":"product-type-simple"},"acf":[],"_links":{"self":[{"href":"https:\/\/www.atassrl.it\/de\/wp-json\/wp\/v2\/product\/3003","targetHints":{"allow":["GET"]}}],"collection":[{"href":"https:\/\/www.atassrl.it\/de\/wp-json\/wp\/v2\/product"}],"about":[{"href":"https:\/\/www.atassrl.it\/de\/wp-json\/wp\/v2\/types\/product"}],"wp:featuredmedia":[{"embeddable":true,"href":"https:\/\/www.atassrl.it\/de\/wp-json\/wp\/v2\/media\/8211"}],"wp:attachment":[{"href":"https:\/\/www.atassrl.it\/de\/wp-json\/wp\/v2\/media?parent=3003"}],"wp:term":[{"taxonomy":"product_brand","embeddable":true,"href":"https:\/\/www.atassrl.it\/de\/wp-json\/wp\/v2\/product_brand?post=3003"},{"taxonomy":"product_cat","embeddable":true,"href":"https:\/\/www.atassrl.it\/de\/wp-json\/wp\/v2\/product_cat?post=3003"},{"taxonomy":"product_tag","embeddable":true,"href":"https:\/\/www.atassrl.it\/de\/wp-json\/wp\/v2\/product_tag?post=3003"}],"curies":[{"name":"wp","href":"https:\/\/api.w.org\/{rel}","templated":true}]}}